{"id":843,"date":"2015-12-21T16:15:32","date_gmt":"2015-12-21T15:15:32","guid":{"rendered":"http:\/\/lecar.madpat.com\/?page_id=843"},"modified":"2026-02-03T16:03:11","modified_gmt":"2026-02-03T15:03:11","slug":"home-2","status":"publish","type":"page","link":"https:\/\/www.lecar-licht.de\/de\/","title":{"rendered":"HOME"},"content":{"rendered":"<section class=\"wpb-content-wrapper\"><p>[vc_row width=&#8220;full&#8220; p_top=&#8220;0&#8243; p_bottom=&#8220;0&#8243; m_top=&#8220;0&#8243; m_bottom=&#8220;0&#8243; css=&#8220;.vc_custom_1452706057302{margin-top: 0px !important;margin-bottom: 0px !important;}&#8220;][vc_column][rev_slider_vc alias=&#8220;home_slider&#8220;][\/vc_column][\/vc_row][vc_row width=&#8220;full&#8220; bg_type=&#8220;image&#8220; bg_image_url=&#8220;159&#8243; bg_position=&#8220;center top&#8220; css=&#8220;.vc_custom_1452707043436{margin-top: -20px !important;margin-bottom: 0px !important;padding-top: 50px !important;}&#8220;][vc_column][vc_row_inner][vc_column_inner][vc_column_text]<\/p>\n<h3 style=\"text-align: center;\"><strong><a href=\"https:\/\/www.lecar-licht.de\/de\/downloadbereich\/\">JETZT ENTDECKEN!<\/a><\/strong><\/h3>\n<h3 style=\"text-align: center;\">UNSER<br \/>\n<strong>NEUHEITENKATALOG<br \/>\n<\/strong>2026 &amp; DIE NEUE<br \/>\n<strong>BRUTTOPREISLISTE<\/strong>:<\/h3>\n<h2 style=\"text-align: center;\"><a href=\"https:\/\/www.lecar-licht.de\/wp-content\/uploads\/2026\/01\/LECAR-Neuheitenkatalog-2026.pdf\"><img decoding=\"async\" loading=\"lazy\" class=\"alignnone wp-image-4458 size-medium\" src=\"https:\/\/www.lecar-licht.de\/wp-content\/uploads\/2026\/01\/LECAR-Neuheitenkatalog-2026-web-460x480.jpg\" alt=\"\" width=\"460\" height=\"480\" srcset=\"https:\/\/www.lecar-licht.de\/wp-content\/uploads\/2026\/01\/LECAR-Neuheitenkatalog-2026-web-460x480.jpg 460w, https:\/\/www.lecar-licht.de\/wp-content\/uploads\/2026\/01\/LECAR-Neuheitenkatalog-2026-web-1149x1200.jpg 1149w, https:\/\/www.lecar-licht.de\/wp-content\/uploads\/2026\/01\/LECAR-Neuheitenkatalog-2026-web-768x802.jpg 768w, https:\/\/www.lecar-licht.de\/wp-content\/uploads\/2026\/01\/LECAR-Neuheitenkatalog-2026-web-259x270.jpg 259w, https:\/\/www.lecar-licht.de\/wp-content\/uploads\/2026\/01\/LECAR-Neuheitenkatalog-2026-web-747x780.jpg 747w, https:\/\/www.lecar-licht.de\/wp-content\/uploads\/2026\/01\/LECAR-Neuheitenkatalog-2026-web-420x439.jpg 420w, https:\/\/www.lecar-licht.de\/wp-content\/uploads\/2026\/01\/LECAR-Neuheitenkatalog-2026-web-646x675.jpg 646w, https:\/\/www.lecar-licht.de\/wp-content\/uploads\/2026\/01\/LECAR-Neuheitenkatalog-2026-web-843x880.jpg 843w, https:\/\/www.lecar-licht.de\/wp-content\/uploads\/2026\/01\/LECAR-Neuheitenkatalog-2026-web.jpg 1268w\" sizes=\"(max-width: 460px) 100vw, 460px\" \/><\/a><\/h2>\n<h2 style=\"text-align: center;\">HERZLICH <strong>WILLKOMMEN<\/strong><\/h2>\n<p style=\"text-align: center;\">Sehr geehrte Damen und Herren, liebe Kunden,<\/p>\n<p style=\"text-align: center;\">sch\u00f6n, dass Sie sich f\u00fcr unsere Firma und unsere Produkte interessieren.<\/p>\n<p style=\"text-align: center;\">Wir freuen uns, Ihnen auf unserer Website und in unserem Katalog unser umfangreiches Sortiment an LED-COB Leuchten vorstellen zu d\u00fcrfen.<br \/>\nDie hohe Energieeffizienz, die vielf\u00e4ltigen M\u00f6glichkeiten und eine extrem lange Lebensdauer ist es, was unsere Leuchten auszeichnet.<\/p>\n<p style=\"text-align: center;\">Auf unserer Website finden Sie alles rund um LECAR, unsere Produkte, Projekte, sowie interessante Infos und Wissenswertes zum Thema Licht.<\/p>\n<p>[\/vc_column_text][vc_single_image image=&#8220;76&#8243; img_size=&#8220;full&#8220; alignment=&#8220;center&#8220;][\/vc_column_inner][\/vc_row_inner][vc_row_inner][vc_column_inner][vc_column_text]<\/p>\n<h2 style=\"text-align: center;\">UNSERE <strong>PRODUKTE<\/strong><\/h2>\n<p style=\"text-align: center;\">Hier finden Sie unser Sortiment an klassischen und innovativen Leuchten f\u00fcr die Bereiche:<br \/>\nShopbeleuchtung, B\u00fcrobeleuchtung, Hallenbeleuchtung, Gastronomiebeleuchtung und Ausstellungen.<\/p>\n<p>[\/vc_column_text][\/vc_column_inner][\/vc_row_inner][vc_row_inner][vc_column_inner width=&#8220;1\/4&#8243; css=&#8220;.vc_custom_1470218784188{padding-left: 50px !important;background-position: 0 0 !important;background-repeat: no-repeat !important;}&#8220;][vc_single_image image=&#8220;2283&#8243; img_size=&#8220;full&#8220; alignment=&#8220;center&#8220; onclick=&#8220;custom_link&#8220; link=&#8220;https:\/\/lecar-licht.de\/de\/aufbauleuchten\/&#8220;][vc_column_text]<\/p>\n<h3 style=\"text-align: center;\">AUFBAU<strong>LEUCHTEN<\/strong><\/h3>\n<p>[\/vc_column_text][vc_column_text el_class=&#8220;text-min-height&#8220;]<\/p>\n<p style=\"text-align: center;\">Aufbauleuchten bringen bewegliches Licht in die Lichtgestaltung.<br \/>\nHier finden Sie unser Sortiment an Aufbaustrahlern.<\/p>\n<p>[\/vc_column_text][ivan_button link=&#8220;https:\/\/lecar-licht.de\/de\/aufbauleuchten\/&#8220; align=&#8220;to-center&#8220; c_id=&#8220;.vc_1469305096362&#8243; btn_css=&#8220;font-family:Lato;font-weight:700;color:#ffffff;color-hover:#ffffff;background-color:#b2b2b2;background-color-hover:#040404;padding-top:15px;padding-bottom:15px;padding-left:25px;padding-right:25px;border-top-left-radius:2px;border-top-right-radius:2px;border-bottom-left-radius:2px;border-bottom-right-radius:2px;&#8220;]ZU DEN PRODUKTEN[\/ivan_button][\/vc_column_inner][vc_column_inner width=&#8220;1\/4&#8243; css=&#8220;.vc_custom_1470218778117{padding-left: 50px !important;background-image: url(https:\/\/lecar-licht.de\/wp-content\/uploads\/2015\/12\/Home_separator.png?id=189) !important;background-position: 0 0 !important;background-repeat: no-repeat !important;}&#8220;][vc_single_image image=&#8220;2284&#8243; img_size=&#8220;full&#8220; alignment=&#8220;center&#8220; onclick=&#8220;custom_link&#8220; link=&#8220;https:\/\/lecar-licht.de\/de\/einbauleuchten\/&#8220;][vc_column_text]<\/p>\n<h3 style=\"text-align: center;\">EINBAU<strong>LEUCHTEN<\/strong><\/h3>\n<p>[\/vc_column_text][vc_column_text el_class=&#8220;text-min-height&#8220;]<\/p>\n<p style=\"text-align: center;\">Mit Einbauleuchten erzeugen Sie ein elegantes Deckenbild.<br \/>\nUnsere Einbauleuchten sind sowohl formsch\u00f6n, als auch funktional.<br \/>\nHier geht es zu unserem Sortiment.<\/p>\n<p>[\/vc_column_text][ivan_button link=&#8220;https:\/\/lecar-licht.de\/de\/einbauleuchten\/&#8220; align=&#8220;to-center&#8220; c_id=&#8220;.vc_1469305110693&#8243; btn_css=&#8220;font-family:Lato;font-weight:700;color:#ffffff;color-hover:#ffffff;background-color:#b2b2b2;background-color-hover:#040404;padding-top:15px;padding-bottom:15px;padding-left:25px;padding-right:25px;border-top-left-radius:2px;border-top-right-radius:2px;border-bottom-left-radius:2px;border-bottom-right-radius:2px;&#8220;]ZU DEN PRODUKTEN[\/ivan_button][\/vc_column_inner][vc_column_inner width=&#8220;1\/4&#8243; css=&#8220;.vc_custom_1470218761878{padding-left: 50px !important;background-image: url(https:\/\/lecar-licht.de\/wp-content\/uploads\/2015\/12\/Home_separator.png?id=189) !important;background-position: 0 0 !important;background-repeat: no-repeat !important;}&#8220;][vc_single_image image=&#8220;2287&#8243; img_size=&#8220;full&#8220; alignment=&#8220;center&#8220; onclick=&#8220;custom_link&#8220; link=&#8220;https:\/\/lecar-licht.de\/de\/pendelleuchten\/&#8220;][vc_column_text]<\/p>\n<h3 style=\"text-align: center;\">PENDEL<strong>LEUCHTEN<\/strong><\/h3>\n<p>[\/vc_column_text][vc_column_text el_class=&#8220;text-min-height&#8220;]<\/p>\n<p style=\"text-align: center;\">Ob f\u00fcr Verkaufsr\u00e4ume, Hallen, Theken oder Empfangsbereiche<br \/>\n&#8211; unsere Pendelleuchten f\u00fcr verschiedenste Einsatzgebiete finden Sie hier.<\/p>\n<p>[\/vc_column_text][ivan_button link=&#8220;https:\/\/lecar-licht.de\/de\/pendelleuchten\/&#8220; align=&#8220;to-center&#8220; c_id=&#8220;.vc_1469305123529&#8243; btn_css=&#8220;font-family:Lato;font-weight:700;color:#ffffff;color-hover:#ffffff;background-color:#b2b2b2;background-color-hover:#040404;padding-top:15px;padding-bottom:15px;padding-left:25px;padding-right:25px;border-top-left-radius:2px;border-top-right-radius:2px;border-bottom-left-radius:2px;border-bottom-right-radius:2px;&#8220;]ZU DEN PRODUKTEN[\/ivan_button][\/vc_column_inner][vc_column_inner width=&#8220;1\/4&#8243; css=&#8220;.vc_custom_1470218772733{padding-left: 50px !important;background-image: url(https:\/\/lecar-licht.de\/wp-content\/uploads\/2015\/12\/Home_separator.png?id=189) !important;background-position: 0 0 !important;background-repeat: no-repeat !important;}&#8220;][vc_single_image image=&#8220;2288&#8243; img_size=&#8220;full&#8220; alignment=&#8220;center&#8220; onclick=&#8220;custom_link&#8220; link=&#8220;https:\/\/lecar-licht.de\/de\/systemleuchten\/&#8220;][vc_column_text]<\/p>\n<h3 style=\"text-align: center;\">SYSTEM<strong>LEUCHTEN<\/strong><\/h3>\n<p>[\/vc_column_text][vc_column_text el_class=&#8220;text-min-height&#8220;]<\/p>\n<p style=\"text-align: center;\">Elegant und vielseitig &#8211; unsere CARDANO\u00ae Lichtsysteme integrieren eine gro\u00dfe Bandbreite Lichtwerkzeugen in nur einem System und decken damit viele variable Aufgabenstellungen ab. Dabei ist es jederzeit variier- und umr\u00fcstbar.<\/p>\n<p>[\/vc_column_text][ivan_button link=&#8220;https:\/\/lecar-licht.de\/de\/systemleuchten\/&#8220; align=&#8220;to-center&#8220; c_id=&#8220;.vc_1469305140366&#8243; btn_css=&#8220;font-family:Lato;font-weight:700;color:#ffffff;color-hover:#ffffff;background-color:#b2b2b2;background-color-hover:#040404;padding-top:15px;padding-bottom:15px;padding-left:25px;padding-right:25px;border-top-left-radius:2px;border-top-right-radius:2px;border-bottom-left-radius:2px;border-bottom-right-radius:2px;&#8220;]ZU DEN PRODUKTEN[\/ivan_button][\/vc_column_inner][\/vc_row_inner][vc_empty_space][vc_row_inner equal_height=&#8220;yes&#8220;][vc_column_inner width=&#8220;1\/4&#8243; css=&#8220;.vc_custom_1452708572497{padding-left: 50px !important;background-position: 0 0 !important;background-repeat: no-repeat !important;}&#8220; offset=&#8220;vc_hidden-xs&#8220;][\/vc_column_inner][vc_column_inner width=&#8220;1\/4&#8243; css=&#8220;.vc_custom_1452708566744{padding-left: 50px !important;background-image: url(https:\/\/lecar-licht.de\/wp-content\/uploads\/2015\/12\/Home_separator.png?id=189) !important;background-position: 0 0 !important;background-repeat: no-repeat !important;}&#8220; offset=&#8220;vc_hidden-xs&#8220;][vc_single_image image=&#8220;2286&#8243; img_size=&#8220;full&#8220; alignment=&#8220;center&#8220; onclick=&#8220;custom_link&#8220; link=&#8220;https:\/\/lecar-licht.de\/de\/linienleuchten\/&#8220;][vc_column_text]<\/p>\n<h3 style=\"text-align: center;\">LINIEN<strong>LEUCHTEN<\/strong><\/h3>\n<p>[\/vc_column_text][vc_column_text el_class=&#8220;text-min-height&#8220;]<\/p>\n<p style=\"text-align: center;\">Lichtbandsystemen sind \u00e4u\u00dferst montagefreundlich und effizient.<br \/>\nMit Lichtleisten lassen sich elegante Effekte in Vouten und W\u00e4nden erzeugen, sowie zielgerichtete effektive Beleuchtung in Regalen und Vitrinen.<br \/>\nHier geht es zu unserem Sortiment.<\/p>\n<p>[\/vc_column_text][ivan_button link=&#8220;https:\/\/lecar-licht.de\/de\/linienleuchten\/&#8220; align=&#8220;to-center&#8220; c_id=&#8220;.vc_1469308877477&#8243; btn_css=&#8220;font-family:Lato;font-weight:700;color:#ffffff;color-hover:#ffffff;background-color:#b2b2b2;background-color-hover:#040404;padding-top:15px;padding-bottom:15px;padding-left:25px;padding-right:25px;border-top-left-radius:2px;border-top-right-radius:2px;border-bottom-left-radius:2px;border-bottom-right-radius:2px;&#8220;]ZU DEN PRODUKTEN[\/ivan_button][\/vc_column_inner][vc_column_inner width=&#8220;1\/4&#8243; css=&#8220;.vc_custom_1452708561598{padding-left: 50px !important;background-image: url(https:\/\/lecar-licht.de\/wp-content\/uploads\/2015\/12\/Home_separator.png?id=189) !important;background-position: 0 0 !important;background-repeat: no-repeat !important;}&#8220; offset=&#8220;vc_hidden-xs&#8220;][vc_single_image image=&#8220;2285&#8243; img_size=&#8220;full&#8220; alignment=&#8220;center&#8220; onclick=&#8220;custom_link&#8220; link=&#8220;https:\/\/lecar-licht.de\/de\/led-panel\/&#8220;][vc_column_text]<\/p>\n<h3 style=\"text-align: center;\">LED-<strong>PANEL<\/strong><\/h3>\n<p>[\/vc_column_text][vc_column_text el_class=&#8220;text-min-height&#8220;]<\/p>\n<p style=\"text-align: center;\">LED-Panel finden vor allem als Rastereinbauleuchten ihren Nutzen und eignen sich zudem hervorragend als Pendelpanele und Aufbaupanele. Ihre Einsatzgebiete reichen von Verkaufsr\u00e4umen, B\u00fcros Labore und Werkst\u00e4dten bis hin zu Arztpraxen. Unsere LED-Panele f\u00fcr verschiedenste Einsatzgebiete finden Sie hier.<\/p>\n<p>[\/vc_column_text][ivan_button link=&#8220;https:\/\/lecar-licht.de\/de\/led-panel\/&#8220; align=&#8220;to-center&#8220; c_id=&#8220;.vc_1469308928977&#8243; btn_css=&#8220;font-family:Lato;font-weight:700;color:#ffffff;color-hover:#ffffff;background-color:#b2b2b2;background-color-hover:#040404;padding-top:15px;padding-bottom:15px;padding-left:25px;padding-right:25px;border-top-left-radius:2px;border-top-right-radius:2px;border-bottom-left-radius:2px;border-bottom-right-radius:2px;&#8220;]ZU DEN PRODUKTEN[\/ivan_button][\/vc_column_inner][vc_column_inner width=&#8220;1\/4&#8243; css=&#8220;.vc_custom_1452708556387{padding-left: 50px !important;background-image: url(https:\/\/lecar-licht.de\/wp-content\/uploads\/2015\/12\/Home_separator.png?id=189) !important;background-position: 0 0 !important;background-repeat: no-repeat !important;}&#8220; offset=&#8220;vc_hidden-xs&#8220;][\/vc_column_inner][\/vc_row_inner][\/vc_column][\/vc_row][vc_row width=&#8220;full&#8220; bg_type=&#8220;image&#8220; bg_image_url=&#8220;173&#8243; css=&#8220;.vc_custom_1452707007525{margin-top: -50px !important;margin-bottom: -50px !important;border-bottom-width: 50px !important;padding-top: 50px !important;}&#8220;][vc_column][vc_row_inner][vc_column_inner width=&#8220;1\/3&#8243;][vc_single_image image=&#8220;3570&#8243; img_size=&#8220;full&#8220;][\/vc_column_inner][vc_column_inner width=&#8220;2\/3&#8243;][vc_column_text]<\/p>\n<h2 style=\"text-align: left;\"><span style=\"color: #ffffff;\">WER <strong>WIR SIND<\/strong><\/span><\/h2>\n<p><span style=\"color: #ffffff;\">Als Gesch\u00e4ftsf\u00fchrer und Inhaber der LECAR \u2013 Lichtsysteme GmbH<br \/>\nm\u00f6chte ich an dieser Stelle pers\u00f6nlich die Gelegenheit nutzen,<br \/>\nIhnen unsere Firma, unsere neue Website<br \/>\nund unseren neuen Gesamtkatalog vorzustellen.<\/span>[\/vc_column_text][ivan_button link=&#8220;https:\/\/lecar-licht.de\/de\/ueber-uns\/&#8220; align=&#8220;to-left&#8220; c_id=&#8220;.vc_1474637638563&#8243; btn_css=&#8220;font-family:Lato;font-weight:700;color:#ffffff;color-hover:#ffffff;background-color:#3f3f3f;background-color-hover:#040404;padding-top:15px;padding-bottom:15px;padding-left:25px;padding-right:25px;border-top-left-radius:2px;border-top-right-radius:2px;border-bottom-left-radius:2px;border-bottom-right-radius:2px;&#8220;]\u00dcBER UNS[\/ivan_button][\/vc_column_inner][\/vc_row_inner][vc_row_inner][vc_column_inner][vc_column_text c_id=&#8220;.vc_1453279001759&#8243;]<img decoding=\"async\" loading=\"lazy\" class=\"size-full wp-image-76 aligncenter\" src=\"https:\/\/lecar-licht.de\/wp-content\/uploads\/2015\/12\/line_new.png\" alt=\"\" width=\"1024\" height=\"14\" srcset=\"https:\/\/www.lecar-licht.de\/wp-content\/uploads\/2015\/12\/line_new.png 1024w, https:\/\/www.lecar-licht.de\/wp-content\/uploads\/2015\/12\/line_new-480x7.png 480w, https:\/\/www.lecar-licht.de\/wp-content\/uploads\/2015\/12\/line_new-768x11.png 768w, https:\/\/www.lecar-licht.de\/wp-content\/uploads\/2015\/12\/line_new-780x11.png 780w, https:\/\/www.lecar-licht.de\/wp-content\/uploads\/2015\/12\/line_new-880x12.png 880w\" sizes=\"(max-width: 1024px) 100vw, 1024px\" \/>[\/vc_column_text][\/vc_column_inner][\/vc_row_inner][vc_row_inner p_bottom=&#8220;50px&#8220; m_bottom=&#8220;0&#8243;][vc_column_inner width=&#8220;2\/3&#8243;][vc_column_text]<\/p>\n<h2 style=\"text-align: right;\"><span style=\"color: #ffffff;\">WAS<strong> WIR TUN<\/strong><\/span><\/h2>\n<p style=\"text-align: right;\"><span style=\"color: #ffffff;\">Wir entwickeln und bauen technische Leuchten und Lichtl\u00f6sungen mit dem Fokus<br \/>\nauf \u00f6konomische und \u00f6kologische Nachhaltigkeit und Lichtqualit\u00e4tf\u00fcr die Bereiche:<br \/>\n<strong>&#8211; Shopbeleuchtung<\/strong><br \/>\n<strong>&#8211; B\u00fcrobeleuchtung<\/strong><br \/>\n<strong>&#8211; Industriebeleuchtung<\/strong><br \/>\n<strong>&#8211; Gastronomiebeleuchtung<\/strong><\/span><\/p>\n<p>[\/vc_column_text][ivan_button link=&#8220;https:\/\/lecar-licht.de\/de\/leuchten\/&#8220; align=&#8220;to-right&#8220; c_id=&#8220;.vc_1474637648459&#8243; btn_css=&#8220;font-family:Lato;font-weight:700;color:#ffffff;color-hover:#ffffff;background-color:#3f3f3f;background-color-hover:#040404;padding-top:15px;padding-bottom:15px;padding-left:25px;padding-right:25px;border-top-left-radius:2px;border-top-right-radius:2px;border-bottom-left-radius:2px;border-bottom-right-radius:2px;&#8220;]ZU UNSEREN LEUCHTEN[\/ivan_button][\/vc_column_inner][vc_column_inner width=&#8220;1\/3&#8243;][vc_single_image image=&#8220;2190&#8243; img_size=&#8220;full&#8220;][\/vc_column_inner][\/vc_row_inner][\/vc_column][\/vc_row]<\/p>\n<\/section>","protected":false},"excerpt":{"rendered":"<p>[vc_row width=&#8220;full&#8220; p_top=&#8220;0&#8243; p_bottom=&#8220;0&#8243; m_top=&#8220;0&#8243; m_bottom=&#8220;0&#8243; css=&#8220;.vc_custom_1452706057302{margin-top: 0px !important;margin-bottom: 0px !important;}&#8220;][vc_column][rev_slider_vc alias=&#8220;home_slider&#8220;][\/vc_column][\/vc_row][vc_row width=&#8220;full&#8220; bg_type=&#8220;image&#8220; bg_image_url=&#8220;159&#8243; bg_position=&#8220;center top&#8220; css=&#8220;.vc_custom_1452707043436{margin-top: -20px !important;margin-bottom: 0px !important;padding-top: 50px !important;}&#8220;][vc_column][vc_row_inner][vc_column_inner][vc_column_text] JETZT ENTDECKEN! UNSER NEUHEITENKATALOG 2026 &amp; DIE NEUE BRUTTOPREISLISTE: HERZLICH WILLKOMMEN Sehr geehrte Damen und Herren, liebe Kunden, sch\u00f6n, dass Sie sich f\u00fcr unsere Firma und unsere Produkte interessieren. Wir freuen [&hellip;]<\/p>\n","protected":false},"author":1,"featured_media":0,"parent":0,"menu_order":0,"comment_status":"closed","ping_status":"closed","template":"","meta":{"_mi_skip_tracking":false},"yoast_head":"<!-- This site is optimized with the Yoast SEO plugin v20.3 - https:\/\/yoast.com\/wordpress\/plugins\/seo\/ -->\n<title>HOME &bull; LECAR<\/title>\n<meta name=\"description\" content=\"\u2780 Die energieeffizienten LED Leuchten der Welt \u2713 5-\u2606Service \u2713 Shopbeleuchtung \u2713 B\u00fcrobeleuchtung \u2713 Hallenbeleuchtung - \u2705 Made in Germany \u2706 +49 2205-9200910\" \/>\n<meta name=\"robots\" content=\"index, follow, max-snippet:-1, max-image-preview:large, max-video-preview:-1\" \/>\n<link rel=\"canonical\" href=\"http:\/\/www.lecar-licht.de\/e7Z2I\" \/>\n<meta property=\"og:locale\" content=\"de_DE\" \/>\n<meta property=\"og:type\" content=\"article\" \/>\n<meta property=\"og:title\" content=\"HOME &bull; LECAR\" \/>\n<meta property=\"og:description\" content=\"\u2780 Die energieeffizienten LED Leuchten der Welt \u2713 5-\u2606Service \u2713 Shopbeleuchtung \u2713 B\u00fcrobeleuchtung \u2713 Hallenbeleuchtung - \u2705 Made in Germany \u2706 +49 2205-9200910\" \/>\n<meta property=\"og:url\" content=\"https:\/\/www.lecar-licht.de\/de\/\" \/>\n<meta property=\"og:site_name\" content=\"LECAR\" \/>\n<meta property=\"article:modified_time\" content=\"2026-02-03T15:03:11+00:00\" \/>\n<meta property=\"og:image\" content=\"https:\/\/www.lecar-licht.de\/wp-content\/uploads\/2026\/01\/LECAR-Neuheitenkatalog-2026-web-460x480.jpg\" \/>\n<meta name=\"twitter:card\" content=\"summary_large_image\" \/>\n<meta name=\"twitter:label1\" content=\"Gesch\u00e4tzte Lesezeit\" \/>\n\t<meta name=\"twitter:data1\" content=\"4\u00a0Minuten\" \/>\n<script type=\"application\/ld+json\" class=\"yoast-schema-graph\">{\"@context\":\"https:\/\/schema.org\",\"@graph\":[{\"@type\":\"WebPage\",\"@id\":\"https:\/\/www.lecar-licht.de\/de\/\",\"url\":\"https:\/\/www.lecar-licht.de\/de\/\",\"name\":\"HOME &bull; LECAR\",\"isPartOf\":{\"@id\":\"https:\/\/www.lecar-licht.de\/de\/#website\"},\"datePublished\":\"2015-12-21T15:15:32+00:00\",\"dateModified\":\"2026-02-03T15:03:11+00:00\",\"description\":\"\u2780 Die energieeffizienten LED Leuchten der Welt \u2713 5-\u2606Service \u2713 Shopbeleuchtung \u2713 B\u00fcrobeleuchtung \u2713 Hallenbeleuchtung - \u2705 Made in Germany \u2706 +49 2205-9200910\",\"breadcrumb\":{\"@id\":\"https:\/\/www.lecar-licht.de\/de\/#breadcrumb\"},\"inLanguage\":\"de\",\"potentialAction\":[{\"@type\":\"ReadAction\",\"target\":[\"https:\/\/www.lecar-licht.de\/de\/\"]}]},{\"@type\":\"BreadcrumbList\",\"@id\":\"https:\/\/www.lecar-licht.de\/de\/#breadcrumb\",\"itemListElement\":[{\"@type\":\"ListItem\",\"position\":1,\"name\":\"Startseite\",\"item\":\"https:\/\/www.lecar-licht.de\/de\/\"},{\"@type\":\"ListItem\",\"position\":2,\"name\":\"HOME\"}]},{\"@type\":\"WebSite\",\"@id\":\"https:\/\/www.lecar-licht.de\/de\/#website\",\"url\":\"https:\/\/www.lecar-licht.de\/de\/\",\"name\":\"LECAR\",\"description\":false,\"publisher\":{\"@id\":\"https:\/\/www.lecar-licht.de\/de\/#organization\"},\"potentialAction\":[{\"@type\":\"SearchAction\",\"target\":{\"@type\":\"EntryPoint\",\"urlTemplate\":\"https:\/\/www.lecar-licht.de\/de\/?s={search_term_string}\"},\"query-input\":\"required name=search_term_string\"}],\"inLanguage\":\"de\"},{\"@type\":\"Organization\",\"@id\":\"https:\/\/www.lecar-licht.de\/de\/#organization\",\"name\":\"LECAR\",\"url\":\"https:\/\/www.lecar-licht.de\/de\/\",\"logo\":{\"@type\":\"ImageObject\",\"inLanguage\":\"de\",\"@id\":\"https:\/\/www.lecar-licht.de\/de\/#\/schema\/logo\/image\/\",\"url\":\"https:\/\/www.lecar-licht.de\/wp-content\/uploads\/2015\/12\/lecar_logo.png\",\"contentUrl\":\"https:\/\/www.lecar-licht.de\/wp-content\/uploads\/2015\/12\/lecar_logo.png\",\"width\":140,\"height\":49,\"caption\":\"LECAR\"},\"image\":{\"@id\":\"https:\/\/www.lecar-licht.de\/de\/#\/schema\/logo\/image\/\"}}]}<\/script>\n<!-- \/ Yoast SEO plugin. -->","yoast_head_json":{"title":"HOME &bull; LECAR","description":"\u2780 Die energieeffizienten LED Leuchten der Welt \u2713 5-\u2606Service \u2713 Shopbeleuchtung \u2713 B\u00fcrobeleuchtung \u2713 Hallenbeleuchtung - \u2705 Made in Germany \u2706 +49 2205-9200910","robots":{"index":"index","follow":"follow","max-snippet":"max-snippet:-1","max-image-preview":"max-image-preview:large","max-video-preview":"max-video-preview:-1"},"canonical":"http:\/\/www.lecar-licht.de\/e7Z2I","og_locale":"de_DE","og_type":"article","og_title":"HOME &bull; LECAR","og_description":"\u2780 Die energieeffizienten LED Leuchten der Welt \u2713 5-\u2606Service \u2713 Shopbeleuchtung \u2713 B\u00fcrobeleuchtung \u2713 Hallenbeleuchtung - \u2705 Made in Germany \u2706 +49 2205-9200910","og_url":"https:\/\/www.lecar-licht.de\/de\/","og_site_name":"LECAR","article_modified_time":"2026-02-03T15:03:11+00:00","og_image":[{"url":"https:\/\/www.lecar-licht.de\/wp-content\/uploads\/2026\/01\/LECAR-Neuheitenkatalog-2026-web-460x480.jpg"}],"twitter_card":"summary_large_image","twitter_misc":{"Gesch\u00e4tzte Lesezeit":"4\u00a0Minuten"},"schema":{"@context":"https:\/\/schema.org","@graph":[{"@type":"WebPage","@id":"https:\/\/www.lecar-licht.de\/de\/","url":"https:\/\/www.lecar-licht.de\/de\/","name":"HOME &bull; LECAR","isPartOf":{"@id":"https:\/\/www.lecar-licht.de\/de\/#website"},"datePublished":"2015-12-21T15:15:32+00:00","dateModified":"2026-02-03T15:03:11+00:00","description":"\u2780 Die energieeffizienten LED Leuchten der Welt \u2713 5-\u2606Service \u2713 Shopbeleuchtung \u2713 B\u00fcrobeleuchtung \u2713 Hallenbeleuchtung - \u2705 Made in Germany \u2706 +49 2205-9200910","breadcrumb":{"@id":"https:\/\/www.lecar-licht.de\/de\/#breadcrumb"},"inLanguage":"de","potentialAction":[{"@type":"ReadAction","target":["https:\/\/www.lecar-licht.de\/de\/"]}]},{"@type":"BreadcrumbList","@id":"https:\/\/www.lecar-licht.de\/de\/#breadcrumb","itemListElement":[{"@type":"ListItem","position":1,"name":"Startseite","item":"https:\/\/www.lecar-licht.de\/de\/"},{"@type":"ListItem","position":2,"name":"HOME"}]},{"@type":"WebSite","@id":"https:\/\/www.lecar-licht.de\/de\/#website","url":"https:\/\/www.lecar-licht.de\/de\/","name":"LECAR","description":false,"publisher":{"@id":"https:\/\/www.lecar-licht.de\/de\/#organization"},"potentialAction":[{"@type":"SearchAction","target":{"@type":"EntryPoint","urlTemplate":"https:\/\/www.lecar-licht.de\/de\/?s={search_term_string}"},"query-input":"required name=search_term_string"}],"inLanguage":"de"},{"@type":"Organization","@id":"https:\/\/www.lecar-licht.de\/de\/#organization","name":"LECAR","url":"https:\/\/www.lecar-licht.de\/de\/","logo":{"@type":"ImageObject","inLanguage":"de","@id":"https:\/\/www.lecar-licht.de\/de\/#\/schema\/logo\/image\/","url":"https:\/\/www.lecar-licht.de\/wp-content\/uploads\/2015\/12\/lecar_logo.png","contentUrl":"https:\/\/www.lecar-licht.de\/wp-content\/uploads\/2015\/12\/lecar_logo.png","width":140,"height":49,"caption":"LECAR"},"image":{"@id":"https:\/\/www.lecar-licht.de\/de\/#\/schema\/logo\/image\/"}}]}},"_links":{"self":[{"href":"https:\/\/www.lecar-licht.de\/de\/wp-json\/wp\/v2\/pages\/843"}],"collection":[{"href":"https:\/\/www.lecar-licht.de\/de\/wp-json\/wp\/v2\/pages"}],"about":[{"href":"https:\/\/www.lecar-licht.de\/de\/wp-json\/wp\/v2\/types\/page"}],"author":[{"embeddable":true,"href":"https:\/\/www.lecar-licht.de\/de\/wp-json\/wp\/v2\/users\/1"}],"replies":[{"embeddable":true,"href":"https:\/\/www.lecar-licht.de\/de\/wp-json\/wp\/v2\/comments?post=843"}],"version-history":[{"count":88,"href":"https:\/\/www.lecar-licht.de\/de\/wp-json\/wp\/v2\/pages\/843\/revisions"}],"predecessor-version":[{"id":4465,"href":"https:\/\/www.lecar-licht.de\/de\/wp-json\/wp\/v2\/pages\/843\/revisions\/4465"}],"wp:attachment":[{"href":"https:\/\/www.lecar-licht.de\/de\/wp-json\/wp\/v2\/media?parent=843"}],"curies":[{"name":"wp","href":"https:\/\/api.w.org\/{rel}","templated":true}]}}