{"id":3490,"date":"2018-06-28T19:05:00","date_gmt":"2018-06-28T17:05:00","guid":{"rendered":"https:\/\/www.lecar-licht.de\/de\/?page_id=3490"},"modified":"2018-06-28T19:05:00","modified_gmt":"2018-06-28T17:05:00","slug":"agb","status":"publish","type":"page","link":"https:\/\/www.lecar-licht.de\/de\/agb\/","title":{"rendered":"AGB"},"content":{"rendered":"<section class=\"wpb-content-wrapper\"><p>[vc_row][vc_column][vc_column_text]<\/p>\n<h1>AGB<\/h1>\n<h2>Allgemeine Hinweise zu Liefer- und Zahlungsbedingungen<\/h2>\n<p>Wir behalten uns vor technische und formale \u00c4nderungen an unseren Produkten vorzunehmen, die der Verbesserung dienen oder gesetzlichen Bestimmungen entsprechen.<\/p>\n<p>&nbsp;<\/p>\n<h3>Preise<\/h3>\n<p>Alle Preise in unserer Preisliste verstehen sich als Bruttopreise in Euro zuz\u00fcglich gesetzlicher Mehrwertsteuer.<br \/>\nF\u00fcr Sendungen ins Ausland gelten die Preise ab Werk, sowie ein Mindestbestellwert.<br \/>\nLieferungen ins Ausland erfolgen gegen Vorkasse.<br \/>\nPreise f\u00fcr h\u00f6here St\u00fcckzahlen auf Anfrage.<br \/>\nAngebotspreise sind freibleibend und gelten h\u00f6chstens vier Wochen ab Datum des abgegebenen Angebots.<\/p>\n<p>&nbsp;<\/p>\n<h3>\u00a0Versand<\/h3>\n<p>F\u00fcr Verpackung der Waren werden 1,00% Prozent des Warenwertes in Rechnung gestellt.<br \/>\nDer\u00a0 Versand erfolgt grunds\u00e4tzlich auf Gefahr des K\u00e4ufers.<br \/>\nAuf Wunsch schlie\u00dfen wir f\u00fcr Lieferungen innerhalb Deutschlands eine Transportversicherung in H\u00f6he von 0,5% ab.<br \/>\nEine Haftung f\u00fcr Sch\u00e4den kann nur dann \u00fcbernommen werden, wenn der K\u00e4ufer die Kosten der Transportversicherung \u00fcbernimmt und den Schaden innerhalb von acht Tagen nach Erhalt der Ware nachweist.<br \/>\nEine Versicherungspflicht \u00fcbernehmen wir nicht.<\/p>\n<p>&nbsp;<\/p>\n<h3>Lieferung<\/h3>\n<p>Lieferungen ab 2000 \u20ac netto erfolgen innerhalb Deutschlands frei Haus.<br \/>\nZustellung der Lieferung durch Paketdienste der Spedition.<br \/>\nLieferungen ins Ausland ab Werk (EXW).[\/vc_column_text][\/vc_column][\/vc_row]<\/p>\n<\/section>","protected":false},"excerpt":{"rendered":"<p>[vc_row][vc_column][vc_column_text] AGB Allgemeine Hinweise zu Liefer- und Zahlungsbedingungen Wir behalten uns vor technische und formale \u00c4nderungen an unseren Produkten vorzunehmen, die der Verbesserung dienen oder gesetzlichen Bestimmungen entsprechen. &nbsp; Preise Alle Preise in unserer Preisliste verstehen sich als Bruttopreise in Euro zuz\u00fcglich gesetzlicher Mehrwertsteuer. F\u00fcr Sendungen ins Ausland gelten die Preise ab Werk, sowie ein [&hellip;]<\/p>\n","protected":false},"author":2,"featured_media":0,"parent":0,"menu_order":0,"comment_status":"closed","ping_status":"closed","template":"","meta":{"_mi_skip_tracking":false},"yoast_head":"<!-- This site is optimized with the Yoast SEO plugin v20.3 - https:\/\/yoast.com\/wordpress\/plugins\/seo\/ -->\n<title>AGB &bull; LECAR<\/title>\n<meta name=\"robots\" content=\"index, follow, max-snippet:-1, max-image-preview:large, max-video-preview:-1\" \/>\n<link rel=\"canonical\" href=\"http:\/\/www.lecar-licht.de\/ewPvx\" \/>\n<meta property=\"og:locale\" content=\"de_DE\" \/>\n<meta property=\"og:type\" content=\"article\" \/>\n<meta property=\"og:title\" content=\"AGB &bull; LECAR\" \/>\n<meta property=\"og:description\" content=\"[vc_row][vc_column][vc_column_text] AGB Allgemeine Hinweise zu Liefer- und Zahlungsbedingungen Wir behalten uns vor technische und formale \u00c4nderungen an unseren Produkten vorzunehmen, die der Verbesserung dienen oder gesetzlichen Bestimmungen entsprechen. &nbsp; Preise Alle Preise in unserer Preisliste verstehen sich als Bruttopreise in Euro zuz\u00fcglich gesetzlicher Mehrwertsteuer. F\u00fcr Sendungen ins Ausland gelten die Preise ab Werk, sowie ein [&hellip;]\" \/>\n<meta property=\"og:url\" content=\"https:\/\/www.lecar-licht.de\/de\/agb\/\" \/>\n<meta property=\"og:site_name\" content=\"LECAR\" \/>\n<meta name=\"twitter:card\" content=\"summary_large_image\" \/>\n<meta name=\"twitter:label1\" content=\"Gesch\u00e4tzte Lesezeit\" \/>\n\t<meta name=\"twitter:data1\" content=\"1\u00a0Minute\" \/>\n<script type=\"application\/ld+json\" class=\"yoast-schema-graph\">{\"@context\":\"https:\/\/schema.org\",\"@graph\":[{\"@type\":\"WebPage\",\"@id\":\"https:\/\/www.lecar-licht.de\/de\/agb\/\",\"url\":\"https:\/\/www.lecar-licht.de\/de\/agb\/\",\"name\":\"AGB &bull; LECAR\",\"isPartOf\":{\"@id\":\"https:\/\/www.lecar-licht.de\/de\/#website\"},\"datePublished\":\"2018-06-28T17:05:00+00:00\",\"dateModified\":\"2018-06-28T17:05:00+00:00\",\"breadcrumb\":{\"@id\":\"https:\/\/www.lecar-licht.de\/de\/agb\/#breadcrumb\"},\"inLanguage\":\"de\",\"potentialAction\":[{\"@type\":\"ReadAction\",\"target\":[\"https:\/\/www.lecar-licht.de\/de\/agb\/\"]}]},{\"@type\":\"BreadcrumbList\",\"@id\":\"https:\/\/www.lecar-licht.de\/de\/agb\/#breadcrumb\",\"itemListElement\":[{\"@type\":\"ListItem\",\"position\":1,\"name\":\"Startseite\",\"item\":\"https:\/\/www.lecar-licht.de\/de\/\"},{\"@type\":\"ListItem\",\"position\":2,\"name\":\"AGB\"}]},{\"@type\":\"WebSite\",\"@id\":\"https:\/\/www.lecar-licht.de\/de\/#website\",\"url\":\"https:\/\/www.lecar-licht.de\/de\/\",\"name\":\"LECAR\",\"description\":false,\"publisher\":{\"@id\":\"https:\/\/www.lecar-licht.de\/de\/#organization\"},\"potentialAction\":[{\"@type\":\"SearchAction\",\"target\":{\"@type\":\"EntryPoint\",\"urlTemplate\":\"https:\/\/www.lecar-licht.de\/de\/?s={search_term_string}\"},\"query-input\":\"required name=search_term_string\"}],\"inLanguage\":\"de\"},{\"@type\":\"Organization\",\"@id\":\"https:\/\/www.lecar-licht.de\/de\/#organization\",\"name\":\"LECAR\",\"url\":\"https:\/\/www.lecar-licht.de\/de\/\",\"logo\":{\"@type\":\"ImageObject\",\"inLanguage\":\"de\",\"@id\":\"https:\/\/www.lecar-licht.de\/de\/#\/schema\/logo\/image\/\",\"url\":\"https:\/\/www.lecar-licht.de\/wp-content\/uploads\/2015\/12\/lecar_logo.png\",\"contentUrl\":\"https:\/\/www.lecar-licht.de\/wp-content\/uploads\/2015\/12\/lecar_logo.png\",\"width\":140,\"height\":49,\"caption\":\"LECAR\"},\"image\":{\"@id\":\"https:\/\/www.lecar-licht.de\/de\/#\/schema\/logo\/image\/\"}}]}<\/script>\n<!-- \/ Yoast SEO plugin. -->","yoast_head_json":{"title":"AGB &bull; LECAR","robots":{"index":"index","follow":"follow","max-snippet":"max-snippet:-1","max-image-preview":"max-image-preview:large","max-video-preview":"max-video-preview:-1"},"canonical":"http:\/\/www.lecar-licht.de\/ewPvx","og_locale":"de_DE","og_type":"article","og_title":"AGB &bull; LECAR","og_description":"[vc_row][vc_column][vc_column_text] AGB Allgemeine Hinweise zu Liefer- und Zahlungsbedingungen Wir behalten uns vor technische und formale \u00c4nderungen an unseren Produkten vorzunehmen, die der Verbesserung dienen oder gesetzlichen Bestimmungen entsprechen. &nbsp; Preise Alle Preise in unserer Preisliste verstehen sich als Bruttopreise in Euro zuz\u00fcglich gesetzlicher Mehrwertsteuer. F\u00fcr Sendungen ins Ausland gelten die Preise ab Werk, sowie ein [&hellip;]","og_url":"https:\/\/www.lecar-licht.de\/de\/agb\/","og_site_name":"LECAR","twitter_card":"summary_large_image","twitter_misc":{"Gesch\u00e4tzte Lesezeit":"1\u00a0Minute"},"schema":{"@context":"https:\/\/schema.org","@graph":[{"@type":"WebPage","@id":"https:\/\/www.lecar-licht.de\/de\/agb\/","url":"https:\/\/www.lecar-licht.de\/de\/agb\/","name":"AGB &bull; LECAR","isPartOf":{"@id":"https:\/\/www.lecar-licht.de\/de\/#website"},"datePublished":"2018-06-28T17:05:00+00:00","dateModified":"2018-06-28T17:05:00+00:00","breadcrumb":{"@id":"https:\/\/www.lecar-licht.de\/de\/agb\/#breadcrumb"},"inLanguage":"de","potentialAction":[{"@type":"ReadAction","target":["https:\/\/www.lecar-licht.de\/de\/agb\/"]}]},{"@type":"BreadcrumbList","@id":"https:\/\/www.lecar-licht.de\/de\/agb\/#breadcrumb","itemListElement":[{"@type":"ListItem","position":1,"name":"Startseite","item":"https:\/\/www.lecar-licht.de\/de\/"},{"@type":"ListItem","position":2,"name":"AGB"}]},{"@type":"WebSite","@id":"https:\/\/www.lecar-licht.de\/de\/#website","url":"https:\/\/www.lecar-licht.de\/de\/","name":"LECAR","description":false,"publisher":{"@id":"https:\/\/www.lecar-licht.de\/de\/#organization"},"potentialAction":[{"@type":"SearchAction","target":{"@type":"EntryPoint","urlTemplate":"https:\/\/www.lecar-licht.de\/de\/?s={search_term_string}"},"query-input":"required name=search_term_string"}],"inLanguage":"de"},{"@type":"Organization","@id":"https:\/\/www.lecar-licht.de\/de\/#organization","name":"LECAR","url":"https:\/\/www.lecar-licht.de\/de\/","logo":{"@type":"ImageObject","inLanguage":"de","@id":"https:\/\/www.lecar-licht.de\/de\/#\/schema\/logo\/image\/","url":"https:\/\/www.lecar-licht.de\/wp-content\/uploads\/2015\/12\/lecar_logo.png","contentUrl":"https:\/\/www.lecar-licht.de\/wp-content\/uploads\/2015\/12\/lecar_logo.png","width":140,"height":49,"caption":"LECAR"},"image":{"@id":"https:\/\/www.lecar-licht.de\/de\/#\/schema\/logo\/image\/"}}]}},"_links":{"self":[{"href":"https:\/\/www.lecar-licht.de\/de\/wp-json\/wp\/v2\/pages\/3490"}],"collection":[{"href":"https:\/\/www.lecar-licht.de\/de\/wp-json\/wp\/v2\/pages"}],"about":[{"href":"https:\/\/www.lecar-licht.de\/de\/wp-json\/wp\/v2\/types\/page"}],"author":[{"embeddable":true,"href":"https:\/\/www.lecar-licht.de\/de\/wp-json\/wp\/v2\/users\/2"}],"replies":[{"embeddable":true,"href":"https:\/\/www.lecar-licht.de\/de\/wp-json\/wp\/v2\/comments?post=3490"}],"version-history":[{"count":1,"href":"https:\/\/www.lecar-licht.de\/de\/wp-json\/wp\/v2\/pages\/3490\/revisions"}],"predecessor-version":[{"id":3491,"href":"https:\/\/www.lecar-licht.de\/de\/wp-json\/wp\/v2\/pages\/3490\/revisions\/3491"}],"wp:attachment":[{"href":"https:\/\/www.lecar-licht.de\/de\/wp-json\/wp\/v2\/media?parent=3490"}],"curies":[{"name":"wp","href":"https:\/\/api.w.org\/{rel}","templated":true}]}}