{"id":27,"date":"2015-12-21T16:11:27","date_gmt":"2015-12-21T15:11:27","guid":{"rendered":"http:\/\/lecar.madpat.com\/?page_id=27"},"modified":"2019-01-16T11:20:44","modified_gmt":"2019-01-16T10:20:44","slug":"ueber-uns","status":"publish","type":"page","link":"https:\/\/www.lecar-licht.de\/de\/ueber-uns\/","title":{"rendered":"\u00dcBER UNS"},"content":{"rendered":"<section class=\"wpb-content-wrapper\"><p>[vc_row width=&#8220;full&#8220;][vc_column][vc_column_text]<\/p>\n<h2>\u00dcBER <strong>UNS<\/strong><\/h2>\n<p>[\/vc_column_text][vc_column_text]<img decoding=\"async\" loading=\"lazy\" class=\"wp-image-2189 size-medium alignleft\" src=\"https:\/\/lecar-licht.de\/wp-content\/uploads\/2015\/02\/LECAR-Lichtsysteme-Firmensitz-Leuchtenproduktion-R\u00f6srath-480x288.jpg\" alt=\"\" width=\"480\" height=\"288\" srcset=\"https:\/\/www.lecar-licht.de\/wp-content\/uploads\/2015\/02\/LECAR-Lichtsysteme-Firmensitz-Leuchtenproduktion-R\u00f6srath-480x288.jpg 480w, https:\/\/www.lecar-licht.de\/wp-content\/uploads\/2015\/02\/LECAR-Lichtsysteme-Firmensitz-Leuchtenproduktion-R\u00f6srath-450x270.jpg 450w, https:\/\/www.lecar-licht.de\/wp-content\/uploads\/2015\/02\/LECAR-Lichtsysteme-Firmensitz-Leuchtenproduktion-R\u00f6srath.jpg 585w\" sizes=\"(max-width: 480px) 100vw, 480px\" \/><\/p>\n<h3>WER <strong>WIR SIND<\/strong><\/h3>\n<p>Als Gesch\u00e4ftsf\u00fchrer und Inhaber der LECAR \u2013 Lichtsysteme GmbH m\u00f6chte ich an dieser Stelle pers\u00f6nlich die Gelegenheit nutzen, Ihnen unsere Firma, unsere Website\u00a0und unseren neuen Gesamtkatalog 2019 vorzustellen.<\/p>\n<p>Gegr\u00fcndet wurde die Firma LECAR ( <b>LE<\/b>uchten <b>CAR<\/b>du\u00e9) 1987 in Overath. Im Jahre 1996 erfolgte der Umzug nach Bergisch-Gladbach-Bensberg, seit dem Jahre 2003 ist unsere Firma im Gewerbegebiet R\u00f6srath-Scharrenbroich an der Autobahnanschlusstelle R\u00f6srath ans\u00e4ssig.<\/p>\n<p style=\"text-align: justify;\">Von Beginn an konzentrieren wir uns auf die\u00a0Bereiche Shopbeleuchtung, Industriebeleuchtung, B\u00fcrobeleuchtung und Gastronomiebeleuchtung und dabei fast ausschlie\u00dflich auf eigene Entwicklungen und neueste Lichttechnologien. Konsequent setzten wir als erster Leuchtenhersteller im Jahre 1987 unseren Schwerpunkt auf Leuchten f\u00fcr Halogenlampen, sp\u00e4ter auf Leuchten\u00a0f\u00fcr Metalldampflampen und CDM- und SDW-T Technologien. Zu unseren bekanntesten Produkten geh\u00f6ren sicherlich die Power-Spots, die einen Ma\u00dfstab in der Shopbeleuchtung gesetzt haben. Seit 2012 verstehen wir uns als Vorreiter im europ\u00e4ischen Markt f\u00fcr den Bereich LED-COB Leuchten.<\/p>\n<p style=\"text-align: justify;\">Ein Schwerpunktthema bei LECAR ist und bleibt die von uns entwickelte und produzierte Serie CARDANO\u00ae. CARDANO\u00ae, der Name, der f\u00fcr Cardu\u00e9 und kardanisch aufgeh\u00e4ngte Leuchten steht, ist ein eingetragenes Warenzeichen der Fa. LECAR Lichtsysteme (Dt. Patent- und Markenamt Nr. 300436440\/11) und darf nur f\u00fcr die von uns entwickelten Leuchten verwendet werden. Wir haben unsere CARDANO\u00ae Leuchten konsequent weiterentwickelt, wobei Weiterentwicklung f\u00fcr uns nicht nur \u00c4nderung im Design sondern die Entwicklung differenzierter Instrumente f\u00fcr die L\u00f6sung von Beleuchtungsaufgaben bedeutet.<\/p>\n<h3><\/h3>\n<p>[\/vc_column_text][vc_separator border_width=&#8220;4&#8243;][\/vc_column][\/vc_row][vc_row width=&#8220;full&#8220; m_top=&#8220;10&#8243; m_bottom=&#8220;20&#8243;][vc_column width=&#8220;1\/2&#8243;][vc_column_text]<\/p>\n<h3>WAS\u00a0<strong>UNS AUSMACHT<\/strong><\/h3>\n<p><strong>Pionierunternehmen mit\u00a0Branchenexpertise seit \u00fcber 30 Jahren<\/strong><\/p>\n<p>Die LECAR Lichtsysteme GmbH mit Sitz in R\u00f6srath bei K\u00f6ln bietet hochwertige LED-L\u00f6sungen f\u00fcr die Bereiche Retail, B\u00fcrobeleuchtung, Industriebeleuchtung und die Gastronomiebeleuchtung.<\/p>\n<p>Die Energiewende ist das Thema unserer Zeit und Nachhaltigkeit ist dabei das Schlagwort der Stunde.<br \/>\nDoch nicht erst seit heute schreiben wir uns diese als Kernkompetenzen auf unsere Fahne.<\/p>\n<p>Seit nun mehr als 30 Jahren liegt der Fokus unserer Eigenentwicklungen auf technisch innovativen Beleuchtungsl\u00f6sungen die sich stets an der Spitze der Energieeffizienz auf dem Markt ansiedeln. Nicht selten\u00a0sind wir\u00a0mit unseren Produkten als First-Mover auf dem Markt vertreten und k\u00f6nnen so die technologische Entwicklung beschleunigen.<\/p>\n<p>F\u00fcr unsere Leuchten verwenden wir\u00a0derzeit ausschlie\u00dflich die energieeffizientesten und langlebigsten LED-COB Platinen, sowie maximal verlustarme EVGs, Reflektoren und Optiken.<br \/>\nWir legen gr\u00f6\u00dften\u00a0Wert auf hohe Lichtqualit\u00e4t und energieeffiziente und \u00f6kologisch, sowie \u00f6konomisch nachhaltige L\u00f6sungen.<\/p>\n<p>&nbsp;<\/p>\n<p><b>Einer unserer wichtigsten Leitf\u00e4den &#8211; Technik und Design sollen Probleme l\u00f6sen<\/b><\/p>\n<p>Schon immer ist die Firma LECAR bestrebt darin, nicht nur bestehende M\u00f6glichkeiten zu nutzen, sondern auch neue M\u00f6glichkeiten zu schaffen und damit unsere Kunden und den Markt zu bereichern. Funktionalit\u00e4t steht dabei an erster Stelle und viele Leuchten, die aus der Vielfalt der heutigen Leuchtenlandschaft nicht mehr wegzudenkenk sind, fu\u00dfen auf Entwicklungen und Markteinf\u00fchrungen aus unserer Firmengeschichte.[\/vc_column_text][\/vc_column][vc_column width=&#8220;1\/2&#8243;][vc_column_text]<\/p>\n<h3><b>INNOVATION ALS ERFOLGSGESCHICHTE<\/b><\/h3>\n<p>\u2022 1987: Einf\u00fchrung von Halogenleuchtmitteln als erstes Unternehmen in Deutschland<\/p>\n<p>\u2022 1993: Entwicklung und Markteinf\u00fchrung der CARDANO\u00ae Leuchten, von denen seitdem \u00fcber 1 Million St\u00fcck verkauft wurden &#8211; Leuchten mit CARDANO\u00ae-Technologie sind bis jetzt die weltweit meistverkauftesten Shopleuchten.<\/p>\n<p>\u2022 2012: Entwicklung und weltweite Markteinf\u00fchrung der LECAR LED-COB Leuchten, seither an der Spitze der Energieeffizienz\u00a0auf dem deutschen und europ\u00e4ischen\u00a0Markt.<\/p>\n<p>\u2022 2016: Mit der 5. Generation unserer LED-COB Leuchten erreichten und \u00fcbersprangen<br \/>\nwir einen selbstgesetzten Meilenstein der LED-COB Technologie<br \/>\n&gt;178 lm\/W Systemeffizienz bei einer Nutzlebensdauer von L90\/F10 60.000 Stunden.<\/p>\n<p>\u2022 2017: &gt;187 lm\/W Systemeffizienz bei einer Nutzlebensdauer von L90\/F10 60.000 Stunden.<br \/>\n<b><\/b><\/p>\n<p>\u2022 2018: &gt;198 lm\/W Systemeffizienz bei einer Nutzlebensdauer von L90\/F10 60.000 Stunden.<\/p>\n<p>&nbsp;<\/p>\n<p><b>Vertrauensvolle und fruchtbare Partnerschaften<\/b><\/p>\n<p>\u2022 Strategische Partnerschaften mit Branchenexperten wie Philips, Osram, Panasonic<\/p>\n<p>\u2022 Partner von Einzelhandelsunternehmen, die \u00fcber 30.000 Shops mit LECAR Lichtsystemen ausgestattet haben, u.a. WMF, Siemes, und s.Oliver<\/p>\n<p>&nbsp;<\/p>\n<p><b>Ihr Benefit ist unser Erfolgsrezept<\/b><\/p>\n<p>\u2022 Schwerpunkt innovative Eigenentwicklung energieeffizienter technischer Leuchten mit funktionablen und \u00e4sthetischen Design \u201emade in Germany&#8220;<\/p>\n<p>\u2022 Qualit\u00e4tssicherung durch \u201eProcess Ownership\u201c<\/p>\n<p>\u2022 Entwicklung von ma\u00dfgeschneiderten Beleuchtungskonzepten mit den Schwerpunkten \u00f6kologische +\u00a0 \u00f6konomische Nachhaltigkeit, Energieeffizienz, Lichtqualit\u00e4t und Reduktion der W\u00e4rmeentwicklung[\/vc_column_text][\/vc_column][\/vc_row][vc_row width=&#8220;full&#8220;][vc_column][vc_separator border_width=&#8220;4&#8243;][vc_column_text]<\/p>\n<h3><img decoding=\"async\" loading=\"lazy\" class=\"wp-image-3570  alignright\" src=\"https:\/\/www.lecar-licht.de\/wp-content\/uploads\/2018\/07\/Gescha\u0308ftsfu\u0308hrer-LECAR-Lichtsysteme-GmbH-Hermann-Cardue\u0301.jpg\" alt=\"\" width=\"400\" height=\"302\" \/><\/h3>\n<h3>WAS <strong>WIR TUN<\/strong><\/h3>\n<p>Ziel unserer\u00a0Arbeit ist es, kunden- und produktorientiert hochwertige und energieeffiziente Leuchten aus der eigenen Produktion zu ansprechenden Preisen am Markt zu etablieren. Mit der Einf\u00fchrung der hocheffizienten\u00a0LED-COB Technologie ist der gesamten Leuchtenindustrie ein Meilenstein in der Lichttechnik gelungen. Wir\u00a0sehen uns dabei als auf der Seite der Leuchtenhersteller als Vorreiter dieser technologischen Entwicklung und unser Ziel ist diese Entwicklung mit der\u00a0Energieeffizienz als wichtigsten Kern stets weiter voran zu treiben und dem Markt die energieeffizientesten Leuchten zu bieten.<\/p>\n<p>Schon von Anfang an ist\u00a0es uns\u00a0ein Anliegen, unsere\u00a0Produkte einem interessierten Fachpublikum \u201ehautnah\u201c zu pr\u00e4sentieren. So wurden im Jahre 1990 erstmals auf der Euroshop in D\u00fcsseldorf LECAR Leuchten auf einem eigenen Stand gezeigt. Im Jahre 1992 folgte eine Ausstellung auf der Hannover Messe. Seit dem ist LECAR auf allen wichtigen Messen vertreten um insbesondere die Neuerscheinungen einer breiten \u00d6ffentlichkeit zu zeigen.<\/p>\n<p>Auf den Messen Euroshop (D\u00fcsseldorf) und Light &amp; Building (Frankfurt) nutzen wir die M\u00f6glichkeit, das ganze Spektrum unserer Produkte vorzustellen. Der gro\u00dfe Zuspruch der Besucher und die positive R\u00fcckmeldung unserer\u00a0Kunden im In- und Ausland hat uns\u00a0gezeigt, dass ein vern\u00fcnftiges Preis-Leistungs-Verh\u00e4ltnis gerade in der heutigen Zeit honoriert wird und zu langfristigen Kundenbindungen f\u00fchren kann.<\/p>\n<p>Meine Mitarbeiter und ich freuen uns auf eine vertrauensvolle Zusammenarbeit mit Ihnen.<\/p>\n<h4>Ihr <strong>Hermann Cardu\u00e9<\/strong><\/h4>\n<p><img decoding=\"async\" loading=\"lazy\" class=\"alignnone size-full wp-image-3500\" src=\"https:\/\/www.lecar-licht.de\/wp-content\/uploads\/2018\/07\/Signatur-H.C.jpg\" alt=\"\" width=\"150\" height=\"91\" \/>[\/vc_column_text][\/vc_column][\/vc_row]<\/p>\n<\/section>","protected":false},"excerpt":{"rendered":"<p>[vc_row width=&#8220;full&#8220;][vc_column][vc_column_text] \u00dcBER UNS [\/vc_column_text][vc_column_text] WER WIR SIND Als Gesch\u00e4ftsf\u00fchrer und Inhaber der LECAR \u2013 Lichtsysteme GmbH m\u00f6chte ich an dieser Stelle pers\u00f6nlich die Gelegenheit nutzen, Ihnen unsere Firma, unsere Website\u00a0und unseren neuen Gesamtkatalog 2019 vorzustellen. Gegr\u00fcndet wurde die Firma LECAR ( LEuchten CARdu\u00e9) 1987 in Overath. Im Jahre 1996 erfolgte der Umzug nach Bergisch-Gladbach-Bensberg, [&hellip;]<\/p>\n","protected":false},"author":1,"featured_media":0,"parent":0,"menu_order":0,"comment_status":"closed","ping_status":"closed","template":"","meta":{"_mi_skip_tracking":false},"yoast_head":"<!-- This site is optimized with the Yoast SEO plugin v20.3 - https:\/\/yoast.com\/wordpress\/plugins\/seo\/ -->\n<title>\u00dcBER UNS &bull; LECAR<\/title>\n<meta name=\"robots\" content=\"index, follow, max-snippet:-1, max-image-preview:large, max-video-preview:-1\" \/>\n<link rel=\"canonical\" href=\"http:\/\/www.lecar-licht.de\/KrslC\" \/>\n<meta property=\"og:locale\" content=\"de_DE\" \/>\n<meta property=\"og:type\" content=\"article\" \/>\n<meta property=\"og:title\" content=\"\u00dcBER UNS &bull; LECAR\" \/>\n<meta property=\"og:description\" content=\"[vc_row width=&#8220;full&#8220;][vc_column][vc_column_text] \u00dcBER UNS [\/vc_column_text][vc_column_text] WER WIR SIND Als Gesch\u00e4ftsf\u00fchrer und Inhaber der LECAR \u2013 Lichtsysteme GmbH m\u00f6chte ich an dieser Stelle pers\u00f6nlich die Gelegenheit nutzen, Ihnen unsere Firma, unsere Website\u00a0und unseren neuen Gesamtkatalog 2019 vorzustellen. Gegr\u00fcndet wurde die Firma LECAR ( LEuchten CARdu\u00e9) 1987 in Overath. Im Jahre 1996 erfolgte der Umzug nach Bergisch-Gladbach-Bensberg, [&hellip;]\" \/>\n<meta property=\"og:url\" content=\"https:\/\/www.lecar-licht.de\/de\/ueber-uns\/\" \/>\n<meta property=\"og:site_name\" content=\"LECAR\" \/>\n<meta property=\"article:modified_time\" content=\"2019-01-16T10:20:44+00:00\" \/>\n<meta property=\"og:image\" content=\"https:\/\/www.lecar-licht.de\/wp-content\/uploads\/2018\/07\/Signatur-H.C.jpg\" \/>\n<meta name=\"twitter:card\" content=\"summary_large_image\" \/>\n<meta name=\"twitter:label1\" content=\"Gesch\u00e4tzte Lesezeit\" \/>\n\t<meta name=\"twitter:data1\" content=\"5\u00a0Minuten\" \/>\n<script type=\"application\/ld+json\" class=\"yoast-schema-graph\">{\"@context\":\"https:\/\/schema.org\",\"@graph\":[{\"@type\":\"WebPage\",\"@id\":\"https:\/\/www.lecar-licht.de\/de\/ueber-uns\/\",\"url\":\"https:\/\/www.lecar-licht.de\/de\/ueber-uns\/\",\"name\":\"\u00dcBER UNS &bull; LECAR\",\"isPartOf\":{\"@id\":\"https:\/\/www.lecar-licht.de\/de\/#website\"},\"datePublished\":\"2015-12-21T15:11:27+00:00\",\"dateModified\":\"2019-01-16T10:20:44+00:00\",\"breadcrumb\":{\"@id\":\"https:\/\/www.lecar-licht.de\/de\/ueber-uns\/#breadcrumb\"},\"inLanguage\":\"de\",\"potentialAction\":[{\"@type\":\"ReadAction\",\"target\":[\"https:\/\/www.lecar-licht.de\/de\/ueber-uns\/\"]}]},{\"@type\":\"BreadcrumbList\",\"@id\":\"https:\/\/www.lecar-licht.de\/de\/ueber-uns\/#breadcrumb\",\"itemListElement\":[{\"@type\":\"ListItem\",\"position\":1,\"name\":\"Startseite\",\"item\":\"https:\/\/www.lecar-licht.de\/de\/\"},{\"@type\":\"ListItem\",\"position\":2,\"name\":\"\u00dcBER UNS\"}]},{\"@type\":\"WebSite\",\"@id\":\"https:\/\/www.lecar-licht.de\/de\/#website\",\"url\":\"https:\/\/www.lecar-licht.de\/de\/\",\"name\":\"LECAR\",\"description\":false,\"publisher\":{\"@id\":\"https:\/\/www.lecar-licht.de\/de\/#organization\"},\"potentialAction\":[{\"@type\":\"SearchAction\",\"target\":{\"@type\":\"EntryPoint\",\"urlTemplate\":\"https:\/\/www.lecar-licht.de\/de\/?s={search_term_string}\"},\"query-input\":\"required name=search_term_string\"}],\"inLanguage\":\"de\"},{\"@type\":\"Organization\",\"@id\":\"https:\/\/www.lecar-licht.de\/de\/#organization\",\"name\":\"LECAR\",\"url\":\"https:\/\/www.lecar-licht.de\/de\/\",\"logo\":{\"@type\":\"ImageObject\",\"inLanguage\":\"de\",\"@id\":\"https:\/\/www.lecar-licht.de\/de\/#\/schema\/logo\/image\/\",\"url\":\"https:\/\/www.lecar-licht.de\/wp-content\/uploads\/2015\/12\/lecar_logo.png\",\"contentUrl\":\"https:\/\/www.lecar-licht.de\/wp-content\/uploads\/2015\/12\/lecar_logo.png\",\"width\":140,\"height\":49,\"caption\":\"LECAR\"},\"image\":{\"@id\":\"https:\/\/www.lecar-licht.de\/de\/#\/schema\/logo\/image\/\"}}]}<\/script>\n<!-- \/ Yoast SEO plugin. -->","yoast_head_json":{"title":"\u00dcBER UNS &bull; LECAR","robots":{"index":"index","follow":"follow","max-snippet":"max-snippet:-1","max-image-preview":"max-image-preview:large","max-video-preview":"max-video-preview:-1"},"canonical":"http:\/\/www.lecar-licht.de\/KrslC","og_locale":"de_DE","og_type":"article","og_title":"\u00dcBER UNS &bull; LECAR","og_description":"[vc_row width=&#8220;full&#8220;][vc_column][vc_column_text] \u00dcBER UNS [\/vc_column_text][vc_column_text] WER WIR SIND Als Gesch\u00e4ftsf\u00fchrer und Inhaber der LECAR \u2013 Lichtsysteme GmbH m\u00f6chte ich an dieser Stelle pers\u00f6nlich die Gelegenheit nutzen, Ihnen unsere Firma, unsere Website\u00a0und unseren neuen Gesamtkatalog 2019 vorzustellen. Gegr\u00fcndet wurde die Firma LECAR ( LEuchten CARdu\u00e9) 1987 in Overath. Im Jahre 1996 erfolgte der Umzug nach Bergisch-Gladbach-Bensberg, [&hellip;]","og_url":"https:\/\/www.lecar-licht.de\/de\/ueber-uns\/","og_site_name":"LECAR","article_modified_time":"2019-01-16T10:20:44+00:00","og_image":[{"url":"https:\/\/www.lecar-licht.de\/wp-content\/uploads\/2018\/07\/Signatur-H.C.jpg"}],"twitter_card":"summary_large_image","twitter_misc":{"Gesch\u00e4tzte Lesezeit":"5\u00a0Minuten"},"schema":{"@context":"https:\/\/schema.org","@graph":[{"@type":"WebPage","@id":"https:\/\/www.lecar-licht.de\/de\/ueber-uns\/","url":"https:\/\/www.lecar-licht.de\/de\/ueber-uns\/","name":"\u00dcBER UNS &bull; LECAR","isPartOf":{"@id":"https:\/\/www.lecar-licht.de\/de\/#website"},"datePublished":"2015-12-21T15:11:27+00:00","dateModified":"2019-01-16T10:20:44+00:00","breadcrumb":{"@id":"https:\/\/www.lecar-licht.de\/de\/ueber-uns\/#breadcrumb"},"inLanguage":"de","potentialAction":[{"@type":"ReadAction","target":["https:\/\/www.lecar-licht.de\/de\/ueber-uns\/"]}]},{"@type":"BreadcrumbList","@id":"https:\/\/www.lecar-licht.de\/de\/ueber-uns\/#breadcrumb","itemListElement":[{"@type":"ListItem","position":1,"name":"Startseite","item":"https:\/\/www.lecar-licht.de\/de\/"},{"@type":"ListItem","position":2,"name":"\u00dcBER UNS"}]},{"@type":"WebSite","@id":"https:\/\/www.lecar-licht.de\/de\/#website","url":"https:\/\/www.lecar-licht.de\/de\/","name":"LECAR","description":false,"publisher":{"@id":"https:\/\/www.lecar-licht.de\/de\/#organization"},"potentialAction":[{"@type":"SearchAction","target":{"@type":"EntryPoint","urlTemplate":"https:\/\/www.lecar-licht.de\/de\/?s={search_term_string}"},"query-input":"required name=search_term_string"}],"inLanguage":"de"},{"@type":"Organization","@id":"https:\/\/www.lecar-licht.de\/de\/#organization","name":"LECAR","url":"https:\/\/www.lecar-licht.de\/de\/","logo":{"@type":"ImageObject","inLanguage":"de","@id":"https:\/\/www.lecar-licht.de\/de\/#\/schema\/logo\/image\/","url":"https:\/\/www.lecar-licht.de\/wp-content\/uploads\/2015\/12\/lecar_logo.png","contentUrl":"https:\/\/www.lecar-licht.de\/wp-content\/uploads\/2015\/12\/lecar_logo.png","width":140,"height":49,"caption":"LECAR"},"image":{"@id":"https:\/\/www.lecar-licht.de\/de\/#\/schema\/logo\/image\/"}}]}},"_links":{"self":[{"href":"https:\/\/www.lecar-licht.de\/de\/wp-json\/wp\/v2\/pages\/27"}],"collection":[{"href":"https:\/\/www.lecar-licht.de\/de\/wp-json\/wp\/v2\/pages"}],"about":[{"href":"https:\/\/www.lecar-licht.de\/de\/wp-json\/wp\/v2\/types\/page"}],"author":[{"embeddable":true,"href":"https:\/\/www.lecar-licht.de\/de\/wp-json\/wp\/v2\/users\/1"}],"replies":[{"embeddable":true,"href":"https:\/\/www.lecar-licht.de\/de\/wp-json\/wp\/v2\/comments?post=27"}],"version-history":[{"count":58,"href":"https:\/\/www.lecar-licht.de\/de\/wp-json\/wp\/v2\/pages\/27\/revisions"}],"predecessor-version":[{"id":3869,"href":"https:\/\/www.lecar-licht.de\/de\/wp-json\/wp\/v2\/pages\/27\/revisions\/3869"}],"wp:attachment":[{"href":"https:\/\/www.lecar-licht.de\/de\/wp-json\/wp\/v2\/media?parent=27"}],"curies":[{"name":"wp","href":"https:\/\/api.w.org\/{rel}","templated":true}]}}