{"id":1993,"date":"2016-07-24T16:08:27","date_gmt":"2016-07-24T14:08:27","guid":{"rendered":"http:\/\/lecar.madpat.com\/de\/?page_id=1993"},"modified":"2018-07-17T19:46:54","modified_gmt":"2018-07-17T17:46:54","slug":"beleuchtungsanlage-finanzieren","status":"publish","type":"page","link":"https:\/\/www.lecar-licht.de\/de\/beleuchtungsanlage-finanzieren\/","title":{"rendered":"0,00% FINANZIERUNG"},"content":{"rendered":"<section class=\"wpb-content-wrapper\"><p>[vc_row width=&#8220;full&#8220; bg_type=&#8220;image&#8220; bg_image_url=&#8220;238&#8243; p_top=&#8220;80px&#8220; p_bottom=&#8220;80px&#8220; m_top=&#8220;0&#8243; m_bottom=&#8220;0&#8243;][vc_column][vc_column_text css=&#8220;.vc_custom_1530199207685{padding-bottom: 50px !important;}&#8220;]<\/p>\n<h2><span style=\"color: #ffffff;\"><strong>Finanzierung einer Beleuchtungsanlage<\/strong><\/span><\/h2>\n<p><span style=\"color: #ffffff;\"><strong>&#8211; Wir finanzieren Ihre Beleuchtungsanlage vor = Gewinn ab Tag 1 bei Umr\u00fcstung von Metalldampf auf LED!<\/strong><\/span><\/p>\n<p><span style=\"color: #ffffff;\">\u00a0<\/span><\/p>\n<p><span style=\"color: #ffffff;\">Der Wunsch nach Kostenersparnis und das steigende Umweltbewusstsein f\u00fchrt inzwischen unweigerlich zur \u00dcberlegung<br \/>\ndie alte Metalldampf-, oder ineffiziente LED-Beleuchtungsanlage auszutauschen gegen eine neue hocheffiziente LED-Beleuchtungsanlage.<\/span><\/p>\n<p><span style=\"color: #ffffff;\">Wir bieten unseren Kunden in Partnerschaft mit einem Kreditinstitut an, die Investition in eine neue energieeffiziente Beleuchtungsanlage<br \/>\nf\u00fcr Sie \u00fcber unsere 0,00% Finanzierung mit 24 Monate Laufzeit vorzufinanzieren.<\/span><\/p>\n<p><span style=\"color: #ffffff;\">Bei der Umr\u00fcstung einer konvetionellen Beleuchtungsanlage\u00a0auf eine moderne hocheffiziente LED-COB Beleuchtungsanlage<br \/>\nfinanziert sich diese Investition Dank der enormen Stromkostensparnis von selbst, denn diese ist meistens schon h\u00f6her, als die monatlichen Belastung der Tilgung.<\/span><\/p>\n<p><span style=\"color: #ffffff;\">Nach 24 Monaten geh\u00f6rt Ihnen die Beleuchtungsanlage dann komplett.<\/span><\/p>\n<p><span style=\"color: #ffffff;\"><strong>Sie sind interessiert?<\/strong><\/span><\/p>\n<p><span style=\"color: #ffffff;\">Dann lassen wir uns gemeinsam den Schritt in eine energieeffiziente Zukunft gehen und fangen Sie schon morgen schon an zu sparen!<\/span><\/p>\n<p><span style=\"color: #ffffff;\"><strong>Vorteile:<\/strong><\/span><br \/>\n<span style=\"color: #ffffff;\"><em>&#8211; neue Beleuchtungsanlage<\/em><\/span><br \/>\n<span style=\"color: #ffffff;\"><em>&#8211; 100% Refinanzierung durch erhebliche Stromkostenersparnis<\/em><\/span><br \/>\n<span style=\"color: #ffffff;\"><em>&#8211; Leuchtmittelwechselkosten entfallen<\/em><\/span><br \/>\n<span style=\"color: #ffffff;\"><em>&#8211; Wartungsintervalle werden deutlich gr\u00f6\u00dfer<\/em><\/span><br \/>\n<span style=\"color: #ffffff;\"><em>&#8211; Bessere Lichtqualit\u00e4t<\/em><\/span><br \/>\n<span style=\"color: #ffffff;\"><em>&#8211; 50.000 Stunden Brenndauer L90\/F10<\/em><\/span><br \/>\n<span style=\"color: #ffffff;\"><em>&#8211; Lebensdauer von bis zu 100.000 Stunden<\/em><\/span><br \/>\n<span style=\"color: #ffffff;\"><em>&#8211; 5 Jahre Garantie<\/em><\/span><\/p>\n<p><span style=\"color: #ffffff;\"><strong>Rufen Sie uns am besten direkt an!<\/strong><\/span><br \/>\n<span style=\"color: #ffffff;\">+49 (0) 2205 92009-0<\/span><br \/>\n<span style=\"color: #ffffff;\"><strong>Oder f\u00fcllen das Kontaktformular aus!<\/strong><\/span><br \/>\n<span style=\"color: #ffffff;\">&#8211; Unser Expertenteam freut sich auf Sie und findet gemeinsam mit Ihnen die beste L\u00f6sung f\u00fcr Ihre Umr\u00fcstung auf LED.<\/span><\/p>\n<p><span style=\"color: #ffffff;\">Wir sind jederzeit telefonisch, schriftlich oder per E-Mail f\u00fcr Sie zu erreichen.<\/span>[\/vc_column_text][\/vc_column][\/vc_row][vc_row][vc_column]\n<div class=\"wpcf7 no-js\" id=\"wpcf7-f499-o1\" lang=\"de-DE\" dir=\"ltr\">\n<div class=\"screen-reader-response\"><p role=\"status\" aria-live=\"polite\" aria-atomic=\"true\"><\/p> <ul><\/ul><\/div>\n<form action=\"\/de\/wp-json\/wp\/v2\/pages\/1993#wpcf7-f499-o1\" method=\"post\" class=\"wpcf7-form init cf7-style\" aria-label=\"Kontaktformular\" novalidate=\"novalidate\" data-status=\"init\">\n<div style=\"display: none;\">\n<input type=\"hidden\" name=\"_wpcf7\" value=\"499\" \/>\n<input type=\"hidden\" name=\"_wpcf7_version\" value=\"5.7.4\" \/>\n<input type=\"hidden\" name=\"_wpcf7_locale\" value=\"de_DE\" \/>\n<input type=\"hidden\" name=\"_wpcf7_unit_tag\" value=\"wpcf7-f499-o1\" \/>\n<input type=\"hidden\" name=\"_wpcf7_container_post\" value=\"0\" \/>\n<input type=\"hidden\" name=\"_wpcf7_posted_data_hash\" value=\"\" \/>\n<\/div>\n<div class=\"row\">\n\t<div class=\"col-md-12\">\n\t\t<p><span class=\"wpcf7-form-control-wrap\" data-name=\"Anrede\"><span class=\"wpcf7-form-control wpcf7-radio\"><span class=\"wpcf7-list-item first\"><input type=\"radio\" name=\"Anrede\" value=\"Herr\" \/><span class=\"wpcf7-list-item-label\">Herr<\/span><\/span><span class=\"wpcf7-list-item last\"><input type=\"radio\" name=\"Anrede\" value=\"Frau\" \/><span class=\"wpcf7-list-item-label\">Frau<\/span><\/span><\/span><\/span>\n\t\t<\/p>\n\t<\/div>\n\t<div class=\"col-md-6\">\n\t\t<p><span class=\"wpcf7-form-control-wrap\" data-name=\"Vorname\"><input size=\"40\" class=\"wpcf7-form-control wpcf7-text wpcf7-validates-as-required\" aria-required=\"true\" aria-invalid=\"false\" placeholder=\"VORNAME *\" value=\"\" type=\"text\" name=\"Vorname\" \/><\/span>\n\t\t<\/p>\n\t<\/div>\n\t<div class=\"col-md-6\">\n\t\t<p><span class=\"wpcf7-form-control-wrap\" data-name=\"Nachname\"><input size=\"40\" class=\"wpcf7-form-control wpcf7-text wpcf7-validates-as-required\" aria-required=\"true\" aria-invalid=\"false\" placeholder=\"NACHNAME *\" value=\"\" type=\"text\" name=\"Nachname\" \/><\/span>\n\t\t<\/p>\n\t<\/div>\n\t<div class=\"col-md-12\">\n\t\t<p><span class=\"wpcf7-form-control-wrap\" data-name=\"Firma\"><input size=\"40\" class=\"wpcf7-form-control wpcf7-text\" aria-invalid=\"false\" placeholder=\"FIRMA\" value=\"\" type=\"text\" name=\"Firma\" \/><\/span>\n\t\t<\/p>\n\t<\/div>\n\t<div class=\"col-md-6\">\n\t\t<p><span class=\"wpcf7-form-control-wrap\" data-name=\"Telefon\"><input size=\"40\" class=\"wpcf7-form-control wpcf7-text wpcf7-tel wpcf7-validates-as-tel\" aria-invalid=\"false\" placeholder=\"TELEFON\" value=\"\" type=\"tel\" name=\"Telefon\" \/><\/span>\n\t\t<\/p>\n\t<\/div>\n\t<div class=\"col-md-6\">\n\t\t<p><span class=\"wpcf7-form-control-wrap\" data-name=\"E-Mail\"><input size=\"40\" class=\"wpcf7-form-control wpcf7-text wpcf7-email wpcf7-validates-as-required wpcf7-validates-as-email\" aria-required=\"true\" aria-invalid=\"false\" placeholder=\"E-MAIL *\" value=\"\" type=\"email\" name=\"E-Mail\" \/><\/span>\n\t\t<\/p>\n\t<\/div>\n\t<div class=\"col-md-12\">\n\t\t<p><span class=\"wpcf7-form-control-wrap\" data-name=\"Nachricht\"><textarea cols=\"40\" rows=\"10\" class=\"wpcf7-form-control wpcf7-textarea wpcf7-validates-as-required\" aria-required=\"true\" aria-invalid=\"false\" placeholder=\"NACHRICHT *\" name=\"Nachricht\"><\/textarea><\/span>\n\t\t<\/p>\n\t<\/div>\n\t<div class=\"col-md-12\">\n\t\t<p>* Pflichtfeld\n\t\t<\/p>\n\t<\/div>\n\t<div class=\"privacyPolicy\">\n\t\t<p>Wir behandeln Ihre Daten so, wie wir es uns mit unseren Daten w\u00fcnschen w\u00fcrden.<br \/>\nBitte beachten Sie hierzu unsere ausf\u00fchrlichen Hinweise zum Datenschutz.\n\t\t<\/p>\n\t<\/div>\n\t<p><span class=\"wpcf7-form-control-wrap\" data-name=\"ichstimmezu\"><span class=\"wpcf7-form-control wpcf7-checkbox wpcf7-validates-as-required\"><span class=\"wpcf7-list-item first last\"><input type=\"checkbox\" name=\"ichstimmezu[]\" value=\"Zustimmung\" \/><span class=\"wpcf7-list-item-label\">Zustimmung<\/span><\/span><\/span><\/span><br \/>\nIch stimme zu, dass meine Angaben aus dem Kontaktformular zur Beantwortung<br \/>\nmeiner Anfrage erhoben und verarbeitet werden. Die Daten werden nach<br \/>\nabgeschlossener Bearbeitung Ihrer Anfrage gel\u00f6scht. Hinweis: Sie k\u00f6nnen Ihre<br \/>\nEinwilligung jederzeit f\u00fcr die Zukunft per E-Mail an <a href=\"info@lecar-licht.de\">info@lecar-licht.de<\/a> widerrufen.<br \/>\nDetaillierte Informationen zum Umgang mit Nutzerdaten finden Sie in unserer<br \/>\n<a href=\"https:\/\/lecar-licht.de\/datenschutzerklaerung\/\">Datenschutzerkl\u00e4rung<\/a>.\n\t<\/p>\n<\/div>\n<div class=\"col-md-12\">\n\t<div class=\"submitBtn\">\n\t\t<p><input class=\"wpcf7-form-control has-spinner wpcf7-submit\" type=\"submit\" value=\"ANFRAGE SENDEN\" \/>\n\t\t<\/p>\n\t<\/div>\n<\/div><div class=\"wpcf7-response-output\" aria-hidden=\"true\"><\/div>\n<\/form>\n<\/div>\n[\/vc_column][\/vc_row]<\/p>\n<\/section>","protected":false},"excerpt":{"rendered":"<p>[vc_row width=&#8220;full&#8220; bg_type=&#8220;image&#8220; bg_image_url=&#8220;238&#8243; p_top=&#8220;80px&#8220; p_bottom=&#8220;80px&#8220; m_top=&#8220;0&#8243; m_bottom=&#8220;0&#8243;][vc_column][vc_column_text css=&#8220;.vc_custom_1530199207685{padding-bottom: 50px !important;}&#8220;] Finanzierung einer Beleuchtungsanlage &#8211; Wir finanzieren Ihre Beleuchtungsanlage vor = Gewinn ab Tag 1 bei Umr\u00fcstung von Metalldampf auf LED! \u00a0 Der Wunsch nach Kostenersparnis und das steigende Umweltbewusstsein f\u00fchrt inzwischen unweigerlich zur \u00dcberlegung die alte Metalldampf-, oder ineffiziente LED-Beleuchtungsanlage auszutauschen gegen eine neue [&hellip;]<\/p>\n","protected":false},"author":2,"featured_media":0,"parent":0,"menu_order":0,"comment_status":"closed","ping_status":"closed","template":"","meta":{"_mi_skip_tracking":false},"yoast_head":"<!-- This site is optimized with the Yoast SEO plugin v20.3 - https:\/\/yoast.com\/wordpress\/plugins\/seo\/ -->\n<title>0,00% FINANZIERUNG &bull; LECAR<\/title>\n<meta name=\"description\" content=\"Die Finanzierung Ihrer neuen Beleuchtungsanalge bei LECAR: 0,00% \u2713 Flexible Laufzeit \u2713 Neueste LED-Technik \u2713 H\u00f6chste Energieeinsparung \u2713 Jetzt anschauen!\" \/>\n<meta name=\"robots\" content=\"index, follow, max-snippet:-1, max-image-preview:large, max-video-preview:-1\" \/>\n<link rel=\"canonical\" href=\"http:\/\/www.lecar-licht.de\/b0oKB\" \/>\n<meta property=\"og:locale\" content=\"de_DE\" \/>\n<meta property=\"og:type\" content=\"article\" \/>\n<meta property=\"og:title\" content=\"0,00% FINANZIERUNG &bull; LECAR\" \/>\n<meta property=\"og:description\" content=\"Die Finanzierung Ihrer neuen Beleuchtungsanalge bei LECAR: 0,00% \u2713 Flexible Laufzeit \u2713 Neueste LED-Technik \u2713 H\u00f6chste Energieeinsparung \u2713 Jetzt anschauen!\" \/>\n<meta property=\"og:url\" content=\"https:\/\/www.lecar-licht.de\/de\/beleuchtungsanlage-finanzieren\/\" \/>\n<meta property=\"og:site_name\" content=\"LECAR\" \/>\n<meta property=\"article:modified_time\" content=\"2018-07-17T17:46:54+00:00\" \/>\n<meta name=\"twitter:card\" content=\"summary_large_image\" \/>\n<meta name=\"twitter:label1\" content=\"Gesch\u00e4tzte Lesezeit\" \/>\n\t<meta name=\"twitter:data1\" content=\"1\u00a0Minute\" \/>\n<script type=\"application\/ld+json\" class=\"yoast-schema-graph\">{\"@context\":\"https:\/\/schema.org\",\"@graph\":[{\"@type\":\"WebPage\",\"@id\":\"https:\/\/www.lecar-licht.de\/de\/beleuchtungsanlage-finanzieren\/\",\"url\":\"https:\/\/www.lecar-licht.de\/de\/beleuchtungsanlage-finanzieren\/\",\"name\":\"0,00% FINANZIERUNG &bull; LECAR\",\"isPartOf\":{\"@id\":\"https:\/\/www.lecar-licht.de\/de\/#website\"},\"datePublished\":\"2016-07-24T14:08:27+00:00\",\"dateModified\":\"2018-07-17T17:46:54+00:00\",\"description\":\"Die Finanzierung Ihrer neuen Beleuchtungsanalge bei LECAR: 0,00% \u2713 Flexible Laufzeit \u2713 Neueste LED-Technik \u2713 H\u00f6chste Energieeinsparung \u2713 Jetzt anschauen!\",\"breadcrumb\":{\"@id\":\"https:\/\/www.lecar-licht.de\/de\/beleuchtungsanlage-finanzieren\/#breadcrumb\"},\"inLanguage\":\"de\",\"potentialAction\":[{\"@type\":\"ReadAction\",\"target\":[\"https:\/\/www.lecar-licht.de\/de\/beleuchtungsanlage-finanzieren\/\"]}]},{\"@type\":\"BreadcrumbList\",\"@id\":\"https:\/\/www.lecar-licht.de\/de\/beleuchtungsanlage-finanzieren\/#breadcrumb\",\"itemListElement\":[{\"@type\":\"ListItem\",\"position\":1,\"name\":\"Startseite\",\"item\":\"https:\/\/www.lecar-licht.de\/de\/\"},{\"@type\":\"ListItem\",\"position\":2,\"name\":\"0,00% FINANZIERUNG\"}]},{\"@type\":\"WebSite\",\"@id\":\"https:\/\/www.lecar-licht.de\/de\/#website\",\"url\":\"https:\/\/www.lecar-licht.de\/de\/\",\"name\":\"LECAR\",\"description\":false,\"publisher\":{\"@id\":\"https:\/\/www.lecar-licht.de\/de\/#organization\"},\"potentialAction\":[{\"@type\":\"SearchAction\",\"target\":{\"@type\":\"EntryPoint\",\"urlTemplate\":\"https:\/\/www.lecar-licht.de\/de\/?s={search_term_string}\"},\"query-input\":\"required name=search_term_string\"}],\"inLanguage\":\"de\"},{\"@type\":\"Organization\",\"@id\":\"https:\/\/www.lecar-licht.de\/de\/#organization\",\"name\":\"LECAR\",\"url\":\"https:\/\/www.lecar-licht.de\/de\/\",\"logo\":{\"@type\":\"ImageObject\",\"inLanguage\":\"de\",\"@id\":\"https:\/\/www.lecar-licht.de\/de\/#\/schema\/logo\/image\/\",\"url\":\"https:\/\/www.lecar-licht.de\/wp-content\/uploads\/2015\/12\/lecar_logo.png\",\"contentUrl\":\"https:\/\/www.lecar-licht.de\/wp-content\/uploads\/2015\/12\/lecar_logo.png\",\"width\":140,\"height\":49,\"caption\":\"LECAR\"},\"image\":{\"@id\":\"https:\/\/www.lecar-licht.de\/de\/#\/schema\/logo\/image\/\"}}]}<\/script>\n<!-- \/ Yoast SEO plugin. -->","yoast_head_json":{"title":"0,00% FINANZIERUNG &bull; LECAR","description":"Die Finanzierung Ihrer neuen Beleuchtungsanalge bei LECAR: 0,00% \u2713 Flexible Laufzeit \u2713 Neueste LED-Technik \u2713 H\u00f6chste Energieeinsparung \u2713 Jetzt anschauen!","robots":{"index":"index","follow":"follow","max-snippet":"max-snippet:-1","max-image-preview":"max-image-preview:large","max-video-preview":"max-video-preview:-1"},"canonical":"http:\/\/www.lecar-licht.de\/b0oKB","og_locale":"de_DE","og_type":"article","og_title":"0,00% FINANZIERUNG &bull; LECAR","og_description":"Die Finanzierung Ihrer neuen Beleuchtungsanalge bei LECAR: 0,00% \u2713 Flexible Laufzeit \u2713 Neueste LED-Technik \u2713 H\u00f6chste Energieeinsparung \u2713 Jetzt anschauen!","og_url":"https:\/\/www.lecar-licht.de\/de\/beleuchtungsanlage-finanzieren\/","og_site_name":"LECAR","article_modified_time":"2018-07-17T17:46:54+00:00","twitter_card":"summary_large_image","twitter_misc":{"Gesch\u00e4tzte Lesezeit":"1\u00a0Minute"},"schema":{"@context":"https:\/\/schema.org","@graph":[{"@type":"WebPage","@id":"https:\/\/www.lecar-licht.de\/de\/beleuchtungsanlage-finanzieren\/","url":"https:\/\/www.lecar-licht.de\/de\/beleuchtungsanlage-finanzieren\/","name":"0,00% FINANZIERUNG &bull; LECAR","isPartOf":{"@id":"https:\/\/www.lecar-licht.de\/de\/#website"},"datePublished":"2016-07-24T14:08:27+00:00","dateModified":"2018-07-17T17:46:54+00:00","description":"Die Finanzierung Ihrer neuen Beleuchtungsanalge bei LECAR: 0,00% \u2713 Flexible Laufzeit \u2713 Neueste LED-Technik \u2713 H\u00f6chste Energieeinsparung \u2713 Jetzt anschauen!","breadcrumb":{"@id":"https:\/\/www.lecar-licht.de\/de\/beleuchtungsanlage-finanzieren\/#breadcrumb"},"inLanguage":"de","potentialAction":[{"@type":"ReadAction","target":["https:\/\/www.lecar-licht.de\/de\/beleuchtungsanlage-finanzieren\/"]}]},{"@type":"BreadcrumbList","@id":"https:\/\/www.lecar-licht.de\/de\/beleuchtungsanlage-finanzieren\/#breadcrumb","itemListElement":[{"@type":"ListItem","position":1,"name":"Startseite","item":"https:\/\/www.lecar-licht.de\/de\/"},{"@type":"ListItem","position":2,"name":"0,00% FINANZIERUNG"}]},{"@type":"WebSite","@id":"https:\/\/www.lecar-licht.de\/de\/#website","url":"https:\/\/www.lecar-licht.de\/de\/","name":"LECAR","description":false,"publisher":{"@id":"https:\/\/www.lecar-licht.de\/de\/#organization"},"potentialAction":[{"@type":"SearchAction","target":{"@type":"EntryPoint","urlTemplate":"https:\/\/www.lecar-licht.de\/de\/?s={search_term_string}"},"query-input":"required name=search_term_string"}],"inLanguage":"de"},{"@type":"Organization","@id":"https:\/\/www.lecar-licht.de\/de\/#organization","name":"LECAR","url":"https:\/\/www.lecar-licht.de\/de\/","logo":{"@type":"ImageObject","inLanguage":"de","@id":"https:\/\/www.lecar-licht.de\/de\/#\/schema\/logo\/image\/","url":"https:\/\/www.lecar-licht.de\/wp-content\/uploads\/2015\/12\/lecar_logo.png","contentUrl":"https:\/\/www.lecar-licht.de\/wp-content\/uploads\/2015\/12\/lecar_logo.png","width":140,"height":49,"caption":"LECAR"},"image":{"@id":"https:\/\/www.lecar-licht.de\/de\/#\/schema\/logo\/image\/"}}]}},"_links":{"self":[{"href":"https:\/\/www.lecar-licht.de\/de\/wp-json\/wp\/v2\/pages\/1993"}],"collection":[{"href":"https:\/\/www.lecar-licht.de\/de\/wp-json\/wp\/v2\/pages"}],"about":[{"href":"https:\/\/www.lecar-licht.de\/de\/wp-json\/wp\/v2\/types\/page"}],"author":[{"embeddable":true,"href":"https:\/\/www.lecar-licht.de\/de\/wp-json\/wp\/v2\/users\/2"}],"replies":[{"embeddable":true,"href":"https:\/\/www.lecar-licht.de\/de\/wp-json\/wp\/v2\/comments?post=1993"}],"version-history":[{"count":23,"href":"https:\/\/www.lecar-licht.de\/de\/wp-json\/wp\/v2\/pages\/1993\/revisions"}],"predecessor-version":[{"id":3489,"href":"https:\/\/www.lecar-licht.de\/de\/wp-json\/wp\/v2\/pages\/1993\/revisions\/3489"}],"wp:attachment":[{"href":"https:\/\/www.lecar-licht.de\/de\/wp-json\/wp\/v2\/media?parent=1993"}],"curies":[{"name":"wp","href":"https:\/\/api.w.org\/{rel}","templated":true}]}}