{"id":1890,"date":"2016-07-16T17:42:44","date_gmt":"2016-07-16T15:42:44","guid":{"rendered":"http:\/\/lecar.madpat.com\/de\/?page_id=1890"},"modified":"2019-11-29T18:14:47","modified_gmt":"2019-11-29T17:14:47","slug":"led-cob-leuchten","status":"publish","type":"page","link":"https:\/\/www.lecar-licht.de\/de\/led-cob-leuchten\/","title":{"rendered":"LED-COB Leuchten"},"content":{"rendered":"<section class=\"wpb-content-wrapper\"><p>[vc_row width=&#8220;full&#8220; p_top=&#8220;0&#8243; p_bottom=&#8220;0&#8243; m_top=&#8220;0&#8243; m_bottom=&#8220;0&#8243; css=&#8220;.vc_custom_1452792257733{margin-top: 0px !important;margin-bottom: -20px !important;}&#8220;][vc_column][rev_slider_vc alias=&#8220;led-cob-leuchten&#8220;][\/vc_column][\/vc_row][vc_row width=&#8220;full&#8220; bg_type=&#8220;image&#8220; bg_color_row=&#8220;#ffffff&#8220; p_top=&#8220;50px&#8220; p_bottom=&#8220;50px&#8220; css=&#8220;.vc_custom_1464277317524{margin-right: 0px !important;}&#8220;][vc_column][ivan_button link=&#8220;https:\/\/lecar-licht.de\/einbauleuchten\/&#8220; c_id=&#8220;.vc_1464276163215&#8243; btn_css=&#8220;font-family:Lato;font-weight:700;color:#4a4a4a;color-hover:#ffffff;background-color:#ffffff;background-color-hover:#040404;margin-top:-1px;margin-bottom:-1px;margin-left:-4px;margin-right:-4px;padding-top:15px;padding-bottom:15px;padding-left:25px;padding-right:25px;&#8220;]EINBAULEUCHTEN[\/ivan_button][ivan_button link=&#8220;https:\/\/lecar-licht.de\/aufbauleuchten\/&#8220; c_id=&#8220;.vc_1468158999826&#8243; btn_css=&#8220;font-family:Lato;font-weight:700;color:#4a4a4a;color-hover:#ffffff;background-color:#ffffff;background-color-hover:#040404;margin-top:-1px;margin-bottom:-1px;margin-left:-4px;margin-right:-4px;padding-top:15px;padding-bottom:15px;padding-left:25px;padding-right:25px;&#8220;]AUFBAULEUCHTEN[\/ivan_button][ivan_button link=&#8220;https:\/\/lecar-licht.de\/systemleuchten\/&#8220; c_id=&#8220;.vc_1464276181400&#8243; btn_css=&#8220;font-family:Lato;font-weight:700;color:#4a4a4a;color-hover:#ffffff;background-color:#ffffff;background-color-hover:#040404;margin-top:-1px;margin-bottom:-1px;margin-left:-4px;margin-right:-4px;padding-top:15px;padding-bottom:15px;padding-left:25px;padding-right:25px;&#8220;]SYSTEMLEUCHTEN[\/ivan_button][ivan_button link=&#8220;https:\/\/www.lecar-licht.de\/de\/pendelleuchten&#8220; c_id=&#8220;.vc_1484149685102&#8243; btn_css=&#8220;font-family:Lato;font-weight:700;color:#4a4a4a;color-hover:#ffffff;background-color:#ffffff;background-color-hover:#040404;margin-top:-1px;margin-bottom:-1px;margin-left:-4px;margin-right:-4px;padding-top:15px;padding-bottom:15px;padding-left:25px;padding-right:25px;&#8220;]PENDELLEUCHTEN[\/ivan_button][ivan_button link=&#8220;https:\/\/www.lecar-licht.de\/de\/linienleuchten\/&#8220; c_id=&#8220;.vc_1484149867963&#8243; btn_css=&#8220;font-family:Lato;font-weight:700;color:#4a4a4a;color-hover:#ffffff;background-color:#ffffff;background-color-hover:#4a4a4a;margin-top:-1px;margin-bottom:-1px;margin-left:-4px;margin-right:-4px;padding-top:15px;padding-bottom:15px;padding-left:25px;padding-right:25px;&#8220;]LINIENLEUCHTEN[\/ivan_button][ivan_button link=&#8220;https:\/\/lecar-licht.de\/led-panel\/&#8220; c_id=&#8220;.vc_1464276209307&#8243; btn_css=&#8220;font-family:Lato;font-weight:700;color:#4a4a4a;color-hover:#ffffff;background-color:#ffffff;background-color-hover:#040404;margin-top:-1px;margin-bottom:-1px;margin-left:-4px;margin-right:-4px;padding-top:15px;padding-bottom:15px;padding-left:25px;padding-right:25px;&#8220;]LED-PANEL[\/ivan_button][\/vc_column][\/vc_row][vc_row width=&#8220;full&#8220; m_top=&#8220;50&#8243;][vc_column][vc_tta_tabs shape=&#8220;square&#8220; color=&#8220;white&#8220; spacing=&#8220;&#8220; active_section=&#8220;1&#8243; no_fill_content_area=&#8220;true&#8220;][vc_tta_section title=&#8220;WARUM LECAR LED-COB?&#8220; tab_id=&#8220;1575046930902-33fc4aa6-a373&#8243;][vc_column_text css=&#8220;.vc_custom_1575047640604{margin-top: -15px !important;border-top-width: 2px !important;border-right-width: 2px !important;border-left-width: 2px !important;padding-top: 20px !important;padding-right: 20px !important;padding-bottom: 20px !important;padding-left: 20px !important;background-position: center !important;background-repeat: no-repeat !important;background-size: cover !important;border-left-color: #d8d8d8 !important;border-left-style: solid !important;border-right-color: #d8d8d8 !important;border-right-style: solid !important;border-top-color: #d8d8d8 !important;border-top-style: solid !important;}&#8220;]<strong>Weil Sie mit unseren Leuchten Jahre voraus sind.<\/strong><\/p>\n<ul>\n<li><em>Energieeffizienteste LED-Leuchten der Welt (bis zu 198lm\/W)<\/em><\/li>\n<li><em>H\u00f6chste Farbkonsistenz weltweit (2-fach MacAdam)<\/em><\/li>\n<li><em><em>L\u00e4ngste Lebensdauer (mittelere Lebensdauer 90.000 Std. \/ Nur 10% Ausfall und 10% Leuchtkraftverlust nach 50.000 Std.)<\/em><\/em><\/li>\n<\/ul>\n<p>Volle 5 Jahre Garantie, Lifetime-Ugrade auf 8 Jahre m\u00f6glich.[\/vc_column_text][\/vc_tta_section][vc_tta_section title=&#8220;LED-COB LEUCHTEN&#8220; tab_id=&#8220;1575047259184-369b5d4d-301a&#8220;][vc_column_text css=&#8220;.vc_custom_1575046790530{margin-top: -15px !important;border-top-width: 2px !important;border-right-width: 2px !important;border-left-width: 2px !important;padding-top: 20px !important;padding-right: 20px !important;padding-bottom: 20px !important;padding-left: 20px !important;background-position: center !important;background-repeat: no-repeat !important;background-size: cover !important;border-left-color: #d8d8d8 !important;border-left-style: solid !important;border-right-color: #d8d8d8 !important;border-right-style: solid !important;border-top-color: #d8d8d8 !important;border-top-style: solid !important;}&#8220;]<\/p>\n<h1>LED-COB Leuchten &#8211;\u00a0keine Kompromisse!<\/h1>\n<p>Unseren Kunden und nicht zu letzt uns selbst den vollst\u00e4ndigen Umstieg von konventionellen Leuchten auf energieeffizientere LED-Leuchten zu erm\u00f6glichen war seit Anfang dieses Jahrtausends unser erkl\u00e4rtes Ziel.<\/p>\n<p>Als wir mit der Entwicklung unserer ersten LED-COB Leuchtenserie begannen, waren wir in unserer Branche wieder einmal Vorreiter einer neuen Beleuchtungstechnologie und hatten als solcher einige H\u00fcrden zu \u00fcberwinden.<\/p>\n<p>Schon fr\u00fch wurde uns jedoch klar, dass die LED-COB Technik f\u00fcr die Entwicklung hochwertiger technischer LED-Leuchten das gr\u00f6\u00dfte Potential birgt und so kam es, dass die LED-COB Prototypen als erste Leuchten mit LED-Technologie unsere eigenen Anspr\u00fcche \u00fcberfl\u00fcgelten was uns dazu antrieb den Fokus seid dem stark auf die Entwicklung von LED-COB Leuchten zu richten.<\/p>\n<p>Im Jahre 2010 konnte unsere Entwicklungsabteilung dann feierlich die 1. Generation unserer LED-COB Leuchten vorstellen.<\/p>\n<p>Unsere LED-COB Leuchten k\u00f6nnen wir seit dem stetig weiterentwickeln und unser Produktportfolio ausweiten.<\/p>\n<p>Diese stetige Weiterentwicklung ist Teil unserer DNA und um stets den Bed\u00fcrfnissen unserer Kunden voraus zu sein und M\u00f6glichkeiten dort zu schaffen, wo vorher keine gesehen wurden haben wir uns in der Entwicklung LED-COB mit neuen strategischen Partnern verst\u00e4rkt.<\/p>\n<p>Neben h\u00f6chster Energieeffizienz, extremer Langlebigkeit und bester Lichtqualit\u00e4t zeichnen sich unsere LED-COB Leuchten vorallem durch h\u00f6chste Flexibilit\u00e4t in ihrer Konfigurierbarkeit aus<br \/>\n&#8211; getreu eines unserer Lecar Firmenmottos: Jede Leuchte ist nur so gut, wie die Erf\u00fcllung ihres individuellen Zwecks.<\/p>\n<p>Unsere Leuchten vom Typ LED-COB sind w\u00e4hlbar in den Lichtfarben:<\/p>\n<p>\u2022 2200 Kelvin &#8222;Special Meat \/ Ros\u00e9&#8220;<br \/>\n\u2022 2450 Kelvin &#8222;Backwaren&#8220;<br \/>\n\u2022 2700 Kelvin &#8222;Sehr Warmwei\u00df&#8220;<br \/>\n\u2022 3000 Kelvin &#8222;Warmwei\u00df&#8220;<br \/>\n\u2022 3100 Kelvin &#8222;Perlwei\u00df \/ Fashion&#8220;<br \/>\n\u2022 3200 Kelvin &#8222;Klarwei\u00df&#8220;<br \/>\n\u2022 3500 Kelvin &#8222;Brillantwei\u00df&#8220;<br \/>\n\u2022 4000 Kelvin &#8222;Kaltwei\u00df&#8220;<br \/>\n\u2022 5000 Kelvin &#8222;Kaltwei\u00df&#8220;<br \/>\n\u2022 6500K &#8222;Tageslicht&#8220;[\/vc_column_text][\/vc_tta_section][vc_tta_section title=&#8220;LED vs. konventionell&#8220; tab_id=&#8220;1575046931007-9c9db8cd-040e&#8220;][vc_column_text css=&#8220;.vc_custom_1521720228320{margin-top: -15px !important;border-top-width: 2px !important;border-right-width: 2px !important;border-left-width: 2px !important;padding-top: 20px !important;padding-right: 20px !important;padding-bottom: 20px !important;padding-left: 20px !important;border-left-color: #d8d8d8 !important;border-left-style: solid !important;border-right-color: #d8d8d8 !important;border-right-style: solid !important;border-top-color: #d8d8d8 !important;border-top-style: solid !important;}&#8220;]<\/p>\n<h1>Vorteile der LECAR\u00a0LED-COB Leuchten im Vergleich\u00a0zu herk\u00f6mmlichen Metall- &amp; Natriumdampflampen:<\/h1>\n<ul>\n<li class=\"line-height-150 cke-line-height\">Systemeffizienz von bis zu 198 Lumen \/ Watt<\/li>\n<li class=\"line-height-150 cke-line-height\">Energieeinsparungen von \u00fcber 90% im Vergleich zu herk\u00f6mmlichen Metall- &amp; Natriumdampflampen<\/li>\n<li class=\"line-height-150 cke-line-height\">L90\/F10 = Lichtleistung nach 50.000 Brennstunden noch 90% der ursp\u00fcnglichen Lichtleistung<\/li>\n<li class=\"line-height-150 cke-line-height\">Lebensdauer ca. 100.000 Stunden<\/li>\n<li class=\"line-height-150 cke-line-height\">Farbverschiebung: 2-fach McAdam, nach 50.000 Stunden 3-fach McAdam<\/li>\n<li class=\"line-height-150 cke-line-height\">keine Leuchtmittelwechselkosten<\/li>\n<li class=\"line-height-150 cke-line-height\">keine Entsorgungskosten f\u00fcr Leuchtmittel<\/li>\n<li class=\"line-height-150 cke-line-height\">nahezu wartungsfrei<\/li>\n<li class=\"line-height-150 cke-line-height\">keine UV-, keine Infrarot-Strahlenbelastung = kein Ausbleichen der Ware<\/li>\n<li class=\"line-height-150 cke-line-height\">geringere W\u00e4rmeentwicklung<\/li>\n<\/ul>\n<p><strong>\u00a0 \u00a0 5 Jahre Garantie.<\/strong>[\/vc_column_text][\/vc_tta_section][\/vc_tta_tabs][\/vc_column][\/vc_row][vc_row width=&#8220;full&#8220; bg_color_row=&#8220;#ffffff&#8220; p_top=&#8220;80px&#8220; p_bottom=&#8220;80px&#8220; m_top=&#8220;0&#8243; m_bottom=&#8220;0&#8243;][vc_column][vc_row_inner p_bottom=&#8220;50px&#8220;][vc_column_inner][vc_single_image image=&#8220;1903&#8243; img_size=&#8220;full&#8220; alignment=&#8220;center&#8220; onclick=&#8220;custom_link&#8220; css=&#8220;.vc_custom_1575047149768{border-top-width: 1px !important;border-right-width: 1px !important;border-bottom-width: 1px !important;border-left-width: 1px !important;border-left-color: #e1e1e1 !important;border-left-style: solid !important;border-right-color: #e1e1e1 !important;border-right-style: solid !important;border-top-color: #e1e1e1 !important;border-top-style: solid !important;border-bottom-color: #e1e1e1 !important;border-bottom-style: solid !important;}&#8220; link=&#8220;https:\/\/www.lecar-licht.de\/de\/leuchten\/&#8220;][vc_column_text]<\/p>\n<h4 style=\"text-align: center;\">LED-COB Leuchten<\/h4>\n<hr \/>\n<p>[\/vc_column_text][ivan_button link=&#8220;https:\/\/www.lecar-licht.de\/de\/leuchten\/&#8220; c_id=&#8220;.vc_1575047141452&#8243; btn_css=&#8220;font-family:Lato;font-weight:700;color:#ffffff;color-hover:#ffffff;background-color:#c9c9c9;background-color-hover:#040404;padding-top:15px;padding-bottom:15px;padding-left:25px;padding-right:25px;border-top-left-radius:2px;border-top-right-radius:2px;border-bottom-left-radius:2px;border-bottom-right-radius:2px;&#8220;]ZU DEN PRODUKTEN[\/ivan_button][\/vc_column_inner][\/vc_row_inner][vc_text_separator title=&#8220;&#8220;][\/vc_column][\/vc_row][vc_row][vc_column][\/vc_column][\/vc_row]<\/p>\n<\/section>","protected":false},"excerpt":{"rendered":"<p>[vc_row width=&#8220;full&#8220; p_top=&#8220;0&#8243; p_bottom=&#8220;0&#8243; m_top=&#8220;0&#8243; m_bottom=&#8220;0&#8243; css=&#8220;.vc_custom_1452792257733{margin-top: 0px !important;margin-bottom: -20px !important;}&#8220;][vc_column][rev_slider_vc alias=&#8220;led-cob-leuchten&#8220;][\/vc_column][\/vc_row][vc_row width=&#8220;full&#8220; bg_type=&#8220;image&#8220; bg_color_row=&#8220;#ffffff&#8220; p_top=&#8220;50px&#8220; p_bottom=&#8220;50px&#8220; css=&#8220;.vc_custom_1464277317524{margin-right: 0px !important;}&#8220;][vc_column][ivan_button link=&#8220;https:\/\/lecar-licht.de\/einbauleuchten\/&#8220; c_id=&#8220;.vc_1464276163215&#8243; btn_css=&#8220;font-family:Lato;font-weight:700;color:#4a4a4a;color-hover:#ffffff;background-color:#ffffff;background-color-hover:#040404;margin-top:-1px;margin-bottom:-1px;margin-left:-4px;margin-right:-4px;padding-top:15px;padding-bottom:15px;padding-left:25px;padding-right:25px;&#8220;]EINBAULEUCHTEN[\/ivan_button][ivan_button link=&#8220;https:\/\/lecar-licht.de\/aufbauleuchten\/&#8220; c_id=&#8220;.vc_1468158999826&#8243; btn_css=&#8220;font-family:Lato;font-weight:700;color:#4a4a4a;color-hover:#ffffff;background-color:#ffffff;background-color-hover:#040404;margin-top:-1px;margin-bottom:-1px;margin-left:-4px;margin-right:-4px;padding-top:15px;padding-bottom:15px;padding-left:25px;padding-right:25px;&#8220;]AUFBAULEUCHTEN[\/ivan_button][ivan_button link=&#8220;https:\/\/lecar-licht.de\/systemleuchten\/&#8220; c_id=&#8220;.vc_1464276181400&#8243; btn_css=&#8220;font-family:Lato;font-weight:700;color:#4a4a4a;color-hover:#ffffff;background-color:#ffffff;background-color-hover:#040404;margin-top:-1px;margin-bottom:-1px;margin-left:-4px;margin-right:-4px;padding-top:15px;padding-bottom:15px;padding-left:25px;padding-right:25px;&#8220;]SYSTEMLEUCHTEN[\/ivan_button][ivan_button link=&#8220;https:\/\/www.lecar-licht.de\/de\/pendelleuchten&#8220; c_id=&#8220;.vc_1484149685102&#8243; btn_css=&#8220;font-family:Lato;font-weight:700;color:#4a4a4a;color-hover:#ffffff;background-color:#ffffff;background-color-hover:#040404;margin-top:-1px;margin-bottom:-1px;margin-left:-4px;margin-right:-4px;padding-top:15px;padding-bottom:15px;padding-left:25px;padding-right:25px;&#8220;]PENDELLEUCHTEN[\/ivan_button][ivan_button link=&#8220;https:\/\/www.lecar-licht.de\/de\/linienleuchten\/&#8220; c_id=&#8220;.vc_1484149867963&#8243; btn_css=&#8220;font-family:Lato;font-weight:700;color:#4a4a4a;color-hover:#ffffff;background-color:#ffffff;background-color-hover:#4a4a4a;margin-top:-1px;margin-bottom:-1px;margin-left:-4px;margin-right:-4px;padding-top:15px;padding-bottom:15px;padding-left:25px;padding-right:25px;&#8220;]LINIENLEUCHTEN[\/ivan_button][ivan_button link=&#8220;https:\/\/lecar-licht.de\/led-panel\/&#8220; c_id=&#8220;.vc_1464276209307&#8243; btn_css=&#8220;font-family:Lato;font-weight:700;color:#4a4a4a;color-hover:#ffffff;background-color:#ffffff;background-color-hover:#040404;margin-top:-1px;margin-bottom:-1px;margin-left:-4px;margin-right:-4px;padding-top:15px;padding-bottom:15px;padding-left:25px;padding-right:25px;&#8220;]LED-PANEL[\/ivan_button][\/vc_column][\/vc_row][vc_row width=&#8220;full&#8220; m_top=&#8220;50&#8243;][vc_column][vc_tta_tabs shape=&#8220;square&#8220; color=&#8220;white&#8220; spacing=&#8220;&#8220; active_section=&#8220;1&#8243; no_fill_content_area=&#8220;true&#8220;][vc_tta_section title=&#8220;WARUM LECAR LED-COB?&#8220; tab_id=&#8220;1575046930902-33fc4aa6-a373&#8243;][vc_column_text css=&#8220;.vc_custom_1575047640604{margin-top: -15px !important;border-top-width: 2px !important;border-right-width: 2px [&hellip;]<\/p>\n","protected":false},"author":2,"featured_media":0,"parent":0,"menu_order":0,"comment_status":"closed","ping_status":"closed","template":"","meta":{"_mi_skip_tracking":false},"yoast_head":"<!-- This site is optimized with the Yoast SEO plugin v20.3 - https:\/\/yoast.com\/wordpress\/plugins\/seo\/ -->\n<title>LED-COB Leuchten von LECAR<\/title>\n<meta name=\"description\" content=\"\u2713 Energieeffizienten LED Leuchte der Welt \u2713 Weltweit h\u00f6chste Farbkonsistenz \u2713 L\u00e4ngste Lebensdauer - \u2705 Nachhaltigkeit Made in Germany \u2706 +49 2205-9200910\" \/>\n<meta name=\"robots\" content=\"index, follow, max-snippet:-1, max-image-preview:large, max-video-preview:-1\" \/>\n<link rel=\"canonical\" href=\"http:\/\/www.lecar-licht.de\/N55zN\" \/>\n<meta property=\"og:locale\" content=\"de_DE\" \/>\n<meta property=\"og:type\" content=\"article\" \/>\n<meta property=\"og:title\" content=\"LED-COB Leuchten von LECAR\" \/>\n<meta property=\"og:description\" content=\"\u2713 Energieeffizienten LED Leuchte der Welt \u2713 Weltweit h\u00f6chste Farbkonsistenz \u2713 L\u00e4ngste Lebensdauer - \u2705 Nachhaltigkeit Made in Germany \u2706 +49 2205-9200910\" \/>\n<meta property=\"og:url\" content=\"https:\/\/www.lecar-licht.de\/de\/led-cob-leuchten\/\" \/>\n<meta property=\"og:site_name\" content=\"LECAR\" \/>\n<meta property=\"article:modified_time\" content=\"2019-11-29T17:14:47+00:00\" \/>\n<meta name=\"twitter:card\" content=\"summary_large_image\" \/>\n<meta name=\"twitter:label1\" content=\"Gesch\u00e4tzte Lesezeit\" \/>\n\t<meta name=\"twitter:data1\" content=\"6\u00a0Minuten\" \/>\n<script type=\"application\/ld+json\" class=\"yoast-schema-graph\">{\"@context\":\"https:\/\/schema.org\",\"@graph\":[{\"@type\":\"WebPage\",\"@id\":\"https:\/\/www.lecar-licht.de\/de\/led-cob-leuchten\/\",\"url\":\"https:\/\/www.lecar-licht.de\/de\/led-cob-leuchten\/\",\"name\":\"LED-COB Leuchten von LECAR\",\"isPartOf\":{\"@id\":\"https:\/\/www.lecar-licht.de\/de\/#website\"},\"datePublished\":\"2016-07-16T15:42:44+00:00\",\"dateModified\":\"2019-11-29T17:14:47+00:00\",\"description\":\"\u2713 Energieeffizienten LED Leuchte der Welt \u2713 Weltweit h\u00f6chste Farbkonsistenz \u2713 L\u00e4ngste Lebensdauer - \u2705 Nachhaltigkeit Made in Germany \u2706 +49 2205-9200910\",\"breadcrumb\":{\"@id\":\"https:\/\/www.lecar-licht.de\/de\/led-cob-leuchten\/#breadcrumb\"},\"inLanguage\":\"de\",\"potentialAction\":[{\"@type\":\"ReadAction\",\"target\":[\"https:\/\/www.lecar-licht.de\/de\/led-cob-leuchten\/\"]}]},{\"@type\":\"BreadcrumbList\",\"@id\":\"https:\/\/www.lecar-licht.de\/de\/led-cob-leuchten\/#breadcrumb\",\"itemListElement\":[{\"@type\":\"ListItem\",\"position\":1,\"name\":\"Startseite\",\"item\":\"https:\/\/www.lecar-licht.de\/de\/\"},{\"@type\":\"ListItem\",\"position\":2,\"name\":\"LED-COB Leuchten\"}]},{\"@type\":\"WebSite\",\"@id\":\"https:\/\/www.lecar-licht.de\/de\/#website\",\"url\":\"https:\/\/www.lecar-licht.de\/de\/\",\"name\":\"LECAR\",\"description\":false,\"publisher\":{\"@id\":\"https:\/\/www.lecar-licht.de\/de\/#organization\"},\"potentialAction\":[{\"@type\":\"SearchAction\",\"target\":{\"@type\":\"EntryPoint\",\"urlTemplate\":\"https:\/\/www.lecar-licht.de\/de\/?s={search_term_string}\"},\"query-input\":\"required name=search_term_string\"}],\"inLanguage\":\"de\"},{\"@type\":\"Organization\",\"@id\":\"https:\/\/www.lecar-licht.de\/de\/#organization\",\"name\":\"LECAR\",\"url\":\"https:\/\/www.lecar-licht.de\/de\/\",\"logo\":{\"@type\":\"ImageObject\",\"inLanguage\":\"de\",\"@id\":\"https:\/\/www.lecar-licht.de\/de\/#\/schema\/logo\/image\/\",\"url\":\"https:\/\/www.lecar-licht.de\/wp-content\/uploads\/2015\/12\/lecar_logo.png\",\"contentUrl\":\"https:\/\/www.lecar-licht.de\/wp-content\/uploads\/2015\/12\/lecar_logo.png\",\"width\":140,\"height\":49,\"caption\":\"LECAR\"},\"image\":{\"@id\":\"https:\/\/www.lecar-licht.de\/de\/#\/schema\/logo\/image\/\"}}]}<\/script>\n<!-- \/ Yoast SEO plugin. -->","yoast_head_json":{"title":"LED-COB Leuchten von LECAR","description":"\u2713 Energieeffizienten LED Leuchte der Welt \u2713 Weltweit h\u00f6chste Farbkonsistenz \u2713 L\u00e4ngste Lebensdauer - \u2705 Nachhaltigkeit Made in Germany \u2706 +49 2205-9200910","robots":{"index":"index","follow":"follow","max-snippet":"max-snippet:-1","max-image-preview":"max-image-preview:large","max-video-preview":"max-video-preview:-1"},"canonical":"http:\/\/www.lecar-licht.de\/N55zN","og_locale":"de_DE","og_type":"article","og_title":"LED-COB Leuchten von LECAR","og_description":"\u2713 Energieeffizienten LED Leuchte der Welt \u2713 Weltweit h\u00f6chste Farbkonsistenz \u2713 L\u00e4ngste Lebensdauer - \u2705 Nachhaltigkeit Made in Germany \u2706 +49 2205-9200910","og_url":"https:\/\/www.lecar-licht.de\/de\/led-cob-leuchten\/","og_site_name":"LECAR","article_modified_time":"2019-11-29T17:14:47+00:00","twitter_card":"summary_large_image","twitter_misc":{"Gesch\u00e4tzte Lesezeit":"6\u00a0Minuten"},"schema":{"@context":"https:\/\/schema.org","@graph":[{"@type":"WebPage","@id":"https:\/\/www.lecar-licht.de\/de\/led-cob-leuchten\/","url":"https:\/\/www.lecar-licht.de\/de\/led-cob-leuchten\/","name":"LED-COB Leuchten von LECAR","isPartOf":{"@id":"https:\/\/www.lecar-licht.de\/de\/#website"},"datePublished":"2016-07-16T15:42:44+00:00","dateModified":"2019-11-29T17:14:47+00:00","description":"\u2713 Energieeffizienten LED Leuchte der Welt \u2713 Weltweit h\u00f6chste Farbkonsistenz \u2713 L\u00e4ngste Lebensdauer - \u2705 Nachhaltigkeit Made in Germany \u2706 +49 2205-9200910","breadcrumb":{"@id":"https:\/\/www.lecar-licht.de\/de\/led-cob-leuchten\/#breadcrumb"},"inLanguage":"de","potentialAction":[{"@type":"ReadAction","target":["https:\/\/www.lecar-licht.de\/de\/led-cob-leuchten\/"]}]},{"@type":"BreadcrumbList","@id":"https:\/\/www.lecar-licht.de\/de\/led-cob-leuchten\/#breadcrumb","itemListElement":[{"@type":"ListItem","position":1,"name":"Startseite","item":"https:\/\/www.lecar-licht.de\/de\/"},{"@type":"ListItem","position":2,"name":"LED-COB Leuchten"}]},{"@type":"WebSite","@id":"https:\/\/www.lecar-licht.de\/de\/#website","url":"https:\/\/www.lecar-licht.de\/de\/","name":"LECAR","description":false,"publisher":{"@id":"https:\/\/www.lecar-licht.de\/de\/#organization"},"potentialAction":[{"@type":"SearchAction","target":{"@type":"EntryPoint","urlTemplate":"https:\/\/www.lecar-licht.de\/de\/?s={search_term_string}"},"query-input":"required name=search_term_string"}],"inLanguage":"de"},{"@type":"Organization","@id":"https:\/\/www.lecar-licht.de\/de\/#organization","name":"LECAR","url":"https:\/\/www.lecar-licht.de\/de\/","logo":{"@type":"ImageObject","inLanguage":"de","@id":"https:\/\/www.lecar-licht.de\/de\/#\/schema\/logo\/image\/","url":"https:\/\/www.lecar-licht.de\/wp-content\/uploads\/2015\/12\/lecar_logo.png","contentUrl":"https:\/\/www.lecar-licht.de\/wp-content\/uploads\/2015\/12\/lecar_logo.png","width":140,"height":49,"caption":"LECAR"},"image":{"@id":"https:\/\/www.lecar-licht.de\/de\/#\/schema\/logo\/image\/"}}]}},"_links":{"self":[{"href":"https:\/\/www.lecar-licht.de\/de\/wp-json\/wp\/v2\/pages\/1890"}],"collection":[{"href":"https:\/\/www.lecar-licht.de\/de\/wp-json\/wp\/v2\/pages"}],"about":[{"href":"https:\/\/www.lecar-licht.de\/de\/wp-json\/wp\/v2\/types\/page"}],"author":[{"embeddable":true,"href":"https:\/\/www.lecar-licht.de\/de\/wp-json\/wp\/v2\/users\/2"}],"replies":[{"embeddable":true,"href":"https:\/\/www.lecar-licht.de\/de\/wp-json\/wp\/v2\/comments?post=1890"}],"version-history":[{"count":25,"href":"https:\/\/www.lecar-licht.de\/de\/wp-json\/wp\/v2\/pages\/1890\/revisions"}],"predecessor-version":[{"id":4096,"href":"https:\/\/www.lecar-licht.de\/de\/wp-json\/wp\/v2\/pages\/1890\/revisions\/4096"}],"wp:attachment":[{"href":"https:\/\/www.lecar-licht.de\/de\/wp-json\/wp\/v2\/media?parent=1890"}],"curies":[{"name":"wp","href":"https:\/\/api.w.org\/{rel}","templated":true}]}}