{"id":18,"date":"2015-12-21T16:10:42","date_gmt":"2015-12-21T15:10:42","guid":{"rendered":"http:\/\/lecar.madpat.com\/?page_id=18"},"modified":"2017-06-01T16:31:52","modified_gmt":"2017-06-01T14:31:52","slug":"service","status":"publish","type":"page","link":"https:\/\/www.lecar-licht.de\/de\/service\/","title":{"rendered":"SERVICE"},"content":{"rendered":"<section class=\"wpb-content-wrapper\"><p>[vc_row][vc_column][vc_column_text css=&#8220;.vc_custom_1470303171343{padding-bottom: 50px !important;}&#8220;]<\/p>\n<h2 style=\"text-align: center;\"><strong>UNSERE SERVICELEISTUNGEN<\/strong><\/h2>\n<h4 style=\"text-align: center;\">Wir sehen uns\u00a0als sehr kunden- und l\u00f6sungsorientierten Leuchtenhersteller\u00a0und helfen Ihnen bei Ihren kleinen<br \/>\nund gro\u00dfen Projekten indem wir unsere Expertise und Netzwerke zur Verf\u00fcgung stellen, Sie bei ihren Aufgaben unterst\u00fctzen,<br \/>\noder diese bis hin zur vollst\u00e4ndigen Projektbetreuung f\u00fcr Sie \u00fcbernehmen.<\/h4>\n<p>[\/vc_column_text][\/vc_column][\/vc_row][vc_row width=&#8220;full&#8220; bg_type=&#8220;image&#8220; bg_color_row=&#8220;#ffffff&#8220; p_top=&#8220;80px&#8220; p_bottom=&#8220;80px&#8220; m_top=&#8220;0&#8243; m_bottom=&#8220;0&#8243;][vc_column width=&#8220;1\/2&#8243;][vc_column_text]<\/p>\n<h3>Unser Serviceportfolio:<\/h3>\n<ul>\n<li>Beratung<\/li>\n<li>Lichtplanung<\/li>\n<li>Energieberatung (Licht)<\/li>\n<li>Energieberechnung<\/li>\n<li>Lichtanalyse<\/li>\n<li>Lichtdesign<\/li>\n<li>Projektbetreuung<\/li>\n<li>Sonderleuchtenbau<\/li>\n<li>LED-Schulungen<\/li>\n<\/ul>\n<p>[\/vc_column_text][\/vc_column][vc_column width=&#8220;1\/2&#8243;][vc_column_text]<\/p>\n<h3>Unsere Expertise haben wir in den Bereichen:<\/h3>\n<ul>\n<li>Shopbeleuchtung<\/li>\n<li>Lebensmittelbeleuchtung<\/li>\n<li>B\u00fcrobeleuchtung<\/li>\n<li>Arbeitsplatzbeleuchtung<\/li>\n<li>Hallenbeleuchtung<\/li>\n<li>Industriebeleuchtung<\/li>\n<li>Parkplatz- &amp; Wegbeleuchtung<\/li>\n<li>Hotelbeleuchtung<\/li>\n<li>Gastronomiebeleuchtung<\/li>\n<\/ul>\n<p>[\/vc_column_text][\/vc_column][\/vc_row][vc_row][vc_column][vc_column_text]Wir finden mit Ihnen gemeinsam L\u00f6sungen und unterst\u00fctzen Sie bei der Umsetzung.<br \/>\nUnser Serviceteam\u00a0freut\u00a0sich auf Ihre Anfrage.[\/vc_column_text]\n<div class=\"wpcf7 no-js\" id=\"wpcf7-f499-o1\" lang=\"de-DE\" dir=\"ltr\">\n<div class=\"screen-reader-response\"><p role=\"status\" aria-live=\"polite\" aria-atomic=\"true\"><\/p> <ul><\/ul><\/div>\n<form action=\"\/de\/wp-json\/wp\/v2\/pages\/18#wpcf7-f499-o1\" method=\"post\" class=\"wpcf7-form init cf7-style\" aria-label=\"Kontaktformular\" novalidate=\"novalidate\" data-status=\"init\">\n<div style=\"display: none;\">\n<input type=\"hidden\" name=\"_wpcf7\" value=\"499\" \/>\n<input type=\"hidden\" name=\"_wpcf7_version\" value=\"5.7.4\" \/>\n<input type=\"hidden\" name=\"_wpcf7_locale\" value=\"de_DE\" \/>\n<input type=\"hidden\" name=\"_wpcf7_unit_tag\" value=\"wpcf7-f499-o1\" \/>\n<input type=\"hidden\" name=\"_wpcf7_container_post\" value=\"0\" \/>\n<input type=\"hidden\" name=\"_wpcf7_posted_data_hash\" value=\"\" \/>\n<\/div>\n<div class=\"row\">\n\t<div class=\"col-md-12\">\n\t\t<p><span class=\"wpcf7-form-control-wrap\" data-name=\"Anrede\"><span class=\"wpcf7-form-control wpcf7-radio\"><span class=\"wpcf7-list-item first\"><input type=\"radio\" name=\"Anrede\" value=\"Herr\" \/><span class=\"wpcf7-list-item-label\">Herr<\/span><\/span><span class=\"wpcf7-list-item last\"><input type=\"radio\" name=\"Anrede\" value=\"Frau\" \/><span class=\"wpcf7-list-item-label\">Frau<\/span><\/span><\/span><\/span>\n\t\t<\/p>\n\t<\/div>\n\t<div class=\"col-md-6\">\n\t\t<p><span class=\"wpcf7-form-control-wrap\" data-name=\"Vorname\"><input size=\"40\" class=\"wpcf7-form-control wpcf7-text wpcf7-validates-as-required\" aria-required=\"true\" aria-invalid=\"false\" placeholder=\"VORNAME *\" value=\"\" type=\"text\" name=\"Vorname\" \/><\/span>\n\t\t<\/p>\n\t<\/div>\n\t<div class=\"col-md-6\">\n\t\t<p><span class=\"wpcf7-form-control-wrap\" data-name=\"Nachname\"><input size=\"40\" class=\"wpcf7-form-control wpcf7-text wpcf7-validates-as-required\" aria-required=\"true\" aria-invalid=\"false\" placeholder=\"NACHNAME *\" value=\"\" type=\"text\" name=\"Nachname\" \/><\/span>\n\t\t<\/p>\n\t<\/div>\n\t<div class=\"col-md-12\">\n\t\t<p><span class=\"wpcf7-form-control-wrap\" data-name=\"Firma\"><input size=\"40\" class=\"wpcf7-form-control wpcf7-text\" aria-invalid=\"false\" placeholder=\"FIRMA\" value=\"\" type=\"text\" name=\"Firma\" \/><\/span>\n\t\t<\/p>\n\t<\/div>\n\t<div class=\"col-md-6\">\n\t\t<p><span class=\"wpcf7-form-control-wrap\" data-name=\"Telefon\"><input size=\"40\" class=\"wpcf7-form-control wpcf7-text wpcf7-tel wpcf7-validates-as-tel\" aria-invalid=\"false\" placeholder=\"TELEFON\" value=\"\" type=\"tel\" name=\"Telefon\" \/><\/span>\n\t\t<\/p>\n\t<\/div>\n\t<div class=\"col-md-6\">\n\t\t<p><span class=\"wpcf7-form-control-wrap\" data-name=\"E-Mail\"><input size=\"40\" class=\"wpcf7-form-control wpcf7-text wpcf7-email wpcf7-validates-as-required wpcf7-validates-as-email\" aria-required=\"true\" aria-invalid=\"false\" placeholder=\"E-MAIL *\" value=\"\" type=\"email\" name=\"E-Mail\" \/><\/span>\n\t\t<\/p>\n\t<\/div>\n\t<div class=\"col-md-12\">\n\t\t<p><span class=\"wpcf7-form-control-wrap\" data-name=\"Nachricht\"><textarea cols=\"40\" rows=\"10\" class=\"wpcf7-form-control wpcf7-textarea wpcf7-validates-as-required\" aria-required=\"true\" aria-invalid=\"false\" placeholder=\"NACHRICHT *\" name=\"Nachricht\"><\/textarea><\/span>\n\t\t<\/p>\n\t<\/div>\n\t<div class=\"col-md-12\">\n\t\t<p>* Pflichtfeld\n\t\t<\/p>\n\t<\/div>\n\t<div class=\"privacyPolicy\">\n\t\t<p>Wir behandeln Ihre Daten so, wie wir es uns mit unseren Daten w\u00fcnschen w\u00fcrden.<br \/>\nBitte beachten Sie hierzu unsere ausf\u00fchrlichen Hinweise zum Datenschutz.\n\t\t<\/p>\n\t<\/div>\n\t<p><span class=\"wpcf7-form-control-wrap\" data-name=\"ichstimmezu\"><span class=\"wpcf7-form-control wpcf7-checkbox wpcf7-validates-as-required\"><span class=\"wpcf7-list-item first last\"><input type=\"checkbox\" name=\"ichstimmezu[]\" value=\"Zustimmung\" \/><span class=\"wpcf7-list-item-label\">Zustimmung<\/span><\/span><\/span><\/span><br \/>\nIch stimme zu, dass meine Angaben aus dem Kontaktformular zur Beantwortung<br \/>\nmeiner Anfrage erhoben und verarbeitet werden. Die Daten werden nach<br \/>\nabgeschlossener Bearbeitung Ihrer Anfrage gel\u00f6scht. Hinweis: Sie k\u00f6nnen Ihre<br \/>\nEinwilligung jederzeit f\u00fcr die Zukunft per E-Mail an <a href=\"info@lecar-licht.de\">info@lecar-licht.de<\/a> widerrufen.<br \/>\nDetaillierte Informationen zum Umgang mit Nutzerdaten finden Sie in unserer<br \/>\n<a href=\"https:\/\/lecar-licht.de\/datenschutzerklaerung\/\">Datenschutzerkl\u00e4rung<\/a>.\n\t<\/p>\n<\/div>\n<div class=\"col-md-12\">\n\t<div class=\"submitBtn\">\n\t\t<p><input class=\"wpcf7-form-control has-spinner wpcf7-submit\" type=\"submit\" value=\"ANFRAGE SENDEN\" \/>\n\t\t<\/p>\n\t<\/div>\n<\/div><div class=\"wpcf7-response-output\" aria-hidden=\"true\"><\/div>\n<\/form>\n<\/div>\n[\/vc_column][\/vc_row]<\/p>\n<\/section>","protected":false},"excerpt":{"rendered":"<p>[vc_row][vc_column][vc_column_text css=&#8220;.vc_custom_1470303171343{padding-bottom: 50px !important;}&#8220;] UNSERE SERVICELEISTUNGEN Wir sehen uns\u00a0als sehr kunden- und l\u00f6sungsorientierten Leuchtenhersteller\u00a0und helfen Ihnen bei Ihren kleinen und gro\u00dfen Projekten indem wir unsere Expertise und Netzwerke zur Verf\u00fcgung stellen, Sie bei ihren Aufgaben unterst\u00fctzen, oder diese bis hin zur vollst\u00e4ndigen Projektbetreuung f\u00fcr Sie \u00fcbernehmen. [\/vc_column_text][\/vc_column][\/vc_row][vc_row width=&#8220;full&#8220; bg_type=&#8220;image&#8220; bg_color_row=&#8220;#ffffff&#8220; p_top=&#8220;80px&#8220; p_bottom=&#8220;80px&#8220; m_top=&#8220;0&#8243; m_bottom=&#8220;0&#8243;][vc_column width=&#8220;1\/2&#8243;][vc_column_text] [&hellip;]<\/p>\n","protected":false},"author":1,"featured_media":0,"parent":0,"menu_order":0,"comment_status":"closed","ping_status":"closed","template":"","meta":{"_mi_skip_tracking":false},"yoast_head":"<!-- This site is optimized with the Yoast SEO plugin v20.3 - https:\/\/yoast.com\/wordpress\/plugins\/seo\/ -->\n<title>SERVICE &bull; LECAR<\/title>\n<meta name=\"robots\" content=\"index, follow, max-snippet:-1, max-image-preview:large, max-video-preview:-1\" \/>\n<link rel=\"canonical\" href=\"http:\/\/www.lecar-licht.de\/b0oKB\" \/>\n<meta property=\"og:locale\" content=\"de_DE\" \/>\n<meta property=\"og:type\" content=\"article\" \/>\n<meta property=\"og:title\" content=\"SERVICE &bull; LECAR\" \/>\n<meta property=\"og:description\" content=\"[vc_row][vc_column][vc_column_text css=&#8220;.vc_custom_1470303171343{padding-bottom: 50px !important;}&#8220;] UNSERE SERVICELEISTUNGEN Wir sehen uns\u00a0als sehr kunden- und l\u00f6sungsorientierten Leuchtenhersteller\u00a0und helfen Ihnen bei Ihren kleinen und gro\u00dfen Projekten indem wir unsere Expertise und Netzwerke zur Verf\u00fcgung stellen, Sie bei ihren Aufgaben unterst\u00fctzen, oder diese bis hin zur vollst\u00e4ndigen Projektbetreuung f\u00fcr Sie \u00fcbernehmen. [\/vc_column_text][\/vc_column][\/vc_row][vc_row width=&#8220;full&#8220; bg_type=&#8220;image&#8220; bg_color_row=&#8220;#ffffff&#8220; p_top=&#8220;80px&#8220; p_bottom=&#8220;80px&#8220; m_top=&#8220;0&#8243; m_bottom=&#8220;0&#8243;][vc_column width=&#8220;1\/2&#8243;][vc_column_text] [&hellip;]\" \/>\n<meta property=\"og:url\" content=\"https:\/\/www.lecar-licht.de\/de\/service\/\" \/>\n<meta property=\"og:site_name\" content=\"LECAR\" \/>\n<meta property=\"article:modified_time\" content=\"2017-06-01T14:31:52+00:00\" \/>\n<meta name=\"twitter:card\" content=\"summary_large_image\" \/>\n<meta name=\"twitter:label1\" content=\"Gesch\u00e4tzte Lesezeit\" \/>\n\t<meta name=\"twitter:data1\" content=\"1\u00a0Minute\" \/>\n<script type=\"application\/ld+json\" class=\"yoast-schema-graph\">{\"@context\":\"https:\/\/schema.org\",\"@graph\":[{\"@type\":\"WebPage\",\"@id\":\"https:\/\/www.lecar-licht.de\/de\/service\/\",\"url\":\"https:\/\/www.lecar-licht.de\/de\/service\/\",\"name\":\"SERVICE &bull; LECAR\",\"isPartOf\":{\"@id\":\"https:\/\/www.lecar-licht.de\/de\/#website\"},\"datePublished\":\"2015-12-21T15:10:42+00:00\",\"dateModified\":\"2017-06-01T14:31:52+00:00\",\"breadcrumb\":{\"@id\":\"https:\/\/www.lecar-licht.de\/de\/service\/#breadcrumb\"},\"inLanguage\":\"de\",\"potentialAction\":[{\"@type\":\"ReadAction\",\"target\":[\"https:\/\/www.lecar-licht.de\/de\/service\/\"]}]},{\"@type\":\"BreadcrumbList\",\"@id\":\"https:\/\/www.lecar-licht.de\/de\/service\/#breadcrumb\",\"itemListElement\":[{\"@type\":\"ListItem\",\"position\":1,\"name\":\"Startseite\",\"item\":\"https:\/\/www.lecar-licht.de\/de\/\"},{\"@type\":\"ListItem\",\"position\":2,\"name\":\"SERVICE\"}]},{\"@type\":\"WebSite\",\"@id\":\"https:\/\/www.lecar-licht.de\/de\/#website\",\"url\":\"https:\/\/www.lecar-licht.de\/de\/\",\"name\":\"LECAR\",\"description\":false,\"publisher\":{\"@id\":\"https:\/\/www.lecar-licht.de\/de\/#organization\"},\"potentialAction\":[{\"@type\":\"SearchAction\",\"target\":{\"@type\":\"EntryPoint\",\"urlTemplate\":\"https:\/\/www.lecar-licht.de\/de\/?s={search_term_string}\"},\"query-input\":\"required name=search_term_string\"}],\"inLanguage\":\"de\"},{\"@type\":\"Organization\",\"@id\":\"https:\/\/www.lecar-licht.de\/de\/#organization\",\"name\":\"LECAR\",\"url\":\"https:\/\/www.lecar-licht.de\/de\/\",\"logo\":{\"@type\":\"ImageObject\",\"inLanguage\":\"de\",\"@id\":\"https:\/\/www.lecar-licht.de\/de\/#\/schema\/logo\/image\/\",\"url\":\"https:\/\/www.lecar-licht.de\/wp-content\/uploads\/2015\/12\/lecar_logo.png\",\"contentUrl\":\"https:\/\/www.lecar-licht.de\/wp-content\/uploads\/2015\/12\/lecar_logo.png\",\"width\":140,\"height\":49,\"caption\":\"LECAR\"},\"image\":{\"@id\":\"https:\/\/www.lecar-licht.de\/de\/#\/schema\/logo\/image\/\"}}]}<\/script>\n<!-- \/ Yoast SEO plugin. -->","yoast_head_json":{"title":"SERVICE &bull; LECAR","robots":{"index":"index","follow":"follow","max-snippet":"max-snippet:-1","max-image-preview":"max-image-preview:large","max-video-preview":"max-video-preview:-1"},"canonical":"http:\/\/www.lecar-licht.de\/b0oKB","og_locale":"de_DE","og_type":"article","og_title":"SERVICE &bull; LECAR","og_description":"[vc_row][vc_column][vc_column_text css=&#8220;.vc_custom_1470303171343{padding-bottom: 50px !important;}&#8220;] UNSERE SERVICELEISTUNGEN Wir sehen uns\u00a0als sehr kunden- und l\u00f6sungsorientierten Leuchtenhersteller\u00a0und helfen Ihnen bei Ihren kleinen und gro\u00dfen Projekten indem wir unsere Expertise und Netzwerke zur Verf\u00fcgung stellen, Sie bei ihren Aufgaben unterst\u00fctzen, oder diese bis hin zur vollst\u00e4ndigen Projektbetreuung f\u00fcr Sie \u00fcbernehmen. [\/vc_column_text][\/vc_column][\/vc_row][vc_row width=&#8220;full&#8220; bg_type=&#8220;image&#8220; bg_color_row=&#8220;#ffffff&#8220; p_top=&#8220;80px&#8220; p_bottom=&#8220;80px&#8220; m_top=&#8220;0&#8243; m_bottom=&#8220;0&#8243;][vc_column width=&#8220;1\/2&#8243;][vc_column_text] [&hellip;]","og_url":"https:\/\/www.lecar-licht.de\/de\/service\/","og_site_name":"LECAR","article_modified_time":"2017-06-01T14:31:52+00:00","twitter_card":"summary_large_image","twitter_misc":{"Gesch\u00e4tzte Lesezeit":"1\u00a0Minute"},"schema":{"@context":"https:\/\/schema.org","@graph":[{"@type":"WebPage","@id":"https:\/\/www.lecar-licht.de\/de\/service\/","url":"https:\/\/www.lecar-licht.de\/de\/service\/","name":"SERVICE &bull; LECAR","isPartOf":{"@id":"https:\/\/www.lecar-licht.de\/de\/#website"},"datePublished":"2015-12-21T15:10:42+00:00","dateModified":"2017-06-01T14:31:52+00:00","breadcrumb":{"@id":"https:\/\/www.lecar-licht.de\/de\/service\/#breadcrumb"},"inLanguage":"de","potentialAction":[{"@type":"ReadAction","target":["https:\/\/www.lecar-licht.de\/de\/service\/"]}]},{"@type":"BreadcrumbList","@id":"https:\/\/www.lecar-licht.de\/de\/service\/#breadcrumb","itemListElement":[{"@type":"ListItem","position":1,"name":"Startseite","item":"https:\/\/www.lecar-licht.de\/de\/"},{"@type":"ListItem","position":2,"name":"SERVICE"}]},{"@type":"WebSite","@id":"https:\/\/www.lecar-licht.de\/de\/#website","url":"https:\/\/www.lecar-licht.de\/de\/","name":"LECAR","description":false,"publisher":{"@id":"https:\/\/www.lecar-licht.de\/de\/#organization"},"potentialAction":[{"@type":"SearchAction","target":{"@type":"EntryPoint","urlTemplate":"https:\/\/www.lecar-licht.de\/de\/?s={search_term_string}"},"query-input":"required name=search_term_string"}],"inLanguage":"de"},{"@type":"Organization","@id":"https:\/\/www.lecar-licht.de\/de\/#organization","name":"LECAR","url":"https:\/\/www.lecar-licht.de\/de\/","logo":{"@type":"ImageObject","inLanguage":"de","@id":"https:\/\/www.lecar-licht.de\/de\/#\/schema\/logo\/image\/","url":"https:\/\/www.lecar-licht.de\/wp-content\/uploads\/2015\/12\/lecar_logo.png","contentUrl":"https:\/\/www.lecar-licht.de\/wp-content\/uploads\/2015\/12\/lecar_logo.png","width":140,"height":49,"caption":"LECAR"},"image":{"@id":"https:\/\/www.lecar-licht.de\/de\/#\/schema\/logo\/image\/"}}]}},"_links":{"self":[{"href":"https:\/\/www.lecar-licht.de\/de\/wp-json\/wp\/v2\/pages\/18"}],"collection":[{"href":"https:\/\/www.lecar-licht.de\/de\/wp-json\/wp\/v2\/pages"}],"about":[{"href":"https:\/\/www.lecar-licht.de\/de\/wp-json\/wp\/v2\/types\/page"}],"author":[{"embeddable":true,"href":"https:\/\/www.lecar-licht.de\/de\/wp-json\/wp\/v2\/users\/1"}],"replies":[{"embeddable":true,"href":"https:\/\/www.lecar-licht.de\/de\/wp-json\/wp\/v2\/comments?post=18"}],"version-history":[{"count":40,"href":"https:\/\/www.lecar-licht.de\/de\/wp-json\/wp\/v2\/pages\/18\/revisions"}],"predecessor-version":[{"id":2853,"href":"https:\/\/www.lecar-licht.de\/de\/wp-json\/wp\/v2\/pages\/18\/revisions\/2853"}],"wp:attachment":[{"href":"https:\/\/www.lecar-licht.de\/de\/wp-json\/wp\/v2\/media?parent=18"}],"curies":[{"name":"wp","href":"https:\/\/api.w.org\/{rel}","templated":true}]}}